{"id":1588,"date":"2023-03-17T22:01:24","date_gmt":"2023-03-17T18:01:24","guid":{"rendered":"https:\/\/www.gavit.net\/?page_id=1588"},"modified":"2023-04-03T00:59:11","modified_gmt":"2023-04-02T20:59:11","slug":"ueber-gavit","status":"publish","type":"page","link":"https:\/\/www.gavit.net\/de\/ueber-gavit\/","title":{"rendered":"\u00dcber Gavit"},"content":{"rendered":"<div class=\"wpb-content-wrapper\"><p>[vc_row full_width=&#8220;stretch_row_content_no_spaces&#8220; equal_height=&#8220;yes&#8220; content_placement=&#8220;middle&#8220;][vc_column parallax=&#8220;content-moving&#8220; parallax_speed_bg=&#8220;none&#8220; width=&#8220;1\/2&#8243; el_class=&#8220;image&#8220;][vc_single_image image=&#8220;1382&#8243; img_size=&#8220;full&#8220;][\/vc_column][vc_column width=&#8220;1\/2&#8243; css=&#8220;.vc_custom_1667242586735{padding-right: 10% !important;padding-left: 10% !important;}&#8220;][vc_custom_heading text=&#8220;Gavit &#8211; Modellierung und Herstellung von Schmuck&#8220; font_container=&#8220;tag:h2|font_size:3em|text_align:left|color:%230a4650&#8243; use_theme_fonts=&#8220;yes&#8220;][vc_separator][vc_column_text]&#8220;<strong>Gavit<\/strong>&#8220; ist ein Unternehmen, das <strong>Gold- und Silberschmuck sowie Accessoires<\/strong> modelliert und herstellt. Das Ziel bei der Gr\u00fcndung des Unternehmens war es, unseren Kunden Einzigartigkeit und Besonderheit anzubieten.<\/p>\n<p>Gavit-Schmuck, der <strong>sowohl traditionelle als auch moderne Elemente<\/strong> vereint, ist darauf ausgelegt, Ihre Essenz sowohl im Alltag als auch an besonderen Tagen zu betonen. Das Unternehmen bietet kreative Schmuckmodelle an, die eine besondere Denkweise pr\u00e4sentieren.<\/p>\n<p>Bei der <strong>Verwendung nat\u00fcrlicher Steine<\/strong> wird bei uns besonderes Augenmerk auf ihre Bedeutung und ihre energetische Wirkung auf den Menschen gelegt, da wir uns von dem Grundsatz leiten lassen, dass die Harmonie zwischen Mensch und Natur betont werden soll.<\/p>\n<p>Die Zufriedenheit unserer Kunden ist das Fundament unseres Unternehmens. Deshalb betrachten wir <strong>hohe Qualit\u00e4t und eine verantwortungsvolle Arbeitsweise<\/strong> als grundlegende Voraussetzungen f\u00fcr unsere Marke.[\/vc_column_text][\/vc_column][\/vc_row][vc_row full_width=&#8220;stretch_row_content_no_spaces&#8220; equal_height=&#8220;yes&#8220; content_placement=&#8220;middle&#8220; el_class=&#8220;split-50-50&#8243;][vc_column width=&#8220;1\/2&#8243; css=&#8220;.vc_custom_1637868236677{padding-top: 15% !important;padding-right: 20% !important;padding-bottom: 15% !important;padding-left: 20% !important;}&#8220;][vc_custom_heading text=&#8220;Gavit-Schmuck&#8220; font_container=&#8220;tag:h2|font_size:3em!important|text_align:left|color:%230a4650&#8243; use_theme_fonts=&#8220;yes&#8220;][vc_separator][vc_column_text]<strong>Eleganz und Einzigartigkeit<\/strong> sind die zentralen Werte, die Gavit bei der Schmuckherstellung verfolgt.<\/p>\n<p>Jedes Schmuckst\u00fcck in unserer Kollektion wurde mit gro\u00dfer Liebe zum Detail gefertigt. Bei der Herstellung verwenden wir<strong> Gold und Silber mit hochwertigen Edelsteinen.<\/strong><\/p>\n<p>Unabh\u00e4ngig davon, ob Sie auf der Suche nach einem besonderen Geschenk f\u00fcr einen geliebten Menschen oder nach Schmuck f\u00fcr sich selbst sind, in unserer Kollektion finden Sie f\u00fcr jeden Geschmack etwas Passendes. Entdecken Sie unsere Auswahl an Halsketten, Armb\u00e4ndern, Ohrringen und Ringen und finden Sie den perfekten Schmuck f\u00fcr Ihre Sammlung.[\/vc_column_text][\/vc_column][vc_column parallax=&#8220;content-moving&#8220; parallax_image=&#8220;815&#8243; parallax_speed_bg=&#8220;none&#8220; width=&#8220;1\/2&#8243; el_class=&#8220;image&#8220;][\/vc_column][\/vc_row][vc_row full_width=&#8220;stretch_row_content_no_spaces&#8220; equal_height=&#8220;yes&#8220; content_placement=&#8220;middle&#8220; el_class=&#8220;split-50-50&#8243;][vc_column parallax=&#8220;content-moving&#8220; parallax_image=&#8220;1227&#8243; parallax_speed_bg=&#8220;none&#8220; width=&#8220;1\/2&#8243; el_class=&#8220;image&#8220;][\/vc_column][vc_column width=&#8220;1\/2&#8243; css=&#8220;.vc_custom_1637868236677{padding-top: 15% !important;padding-right: 20% !important;padding-bottom: 15% !important;padding-left: 20% !important;}&#8220;][vc_custom_heading text=&#8220;Unsere Kollektionen&#8220; font_container=&#8220;tag:h2|font_size:3em!important|text_align:left|color:%230a4650&#8243; use_theme_fonts=&#8220;yes&#8220;][vc_separator][vc_column_text]<strong>Unsere Kunden verdienen nur das Best<\/strong>e, deshalb verwenden wir bei der Herstellung nur hochwertige Materialien. Jedes Schmuckst\u00fcck wird sorgf\u00e4ltig und mit <strong>Liebe zum Detail<\/strong> gefertigt, Um sicherzustellen, dass jedes St\u00fcck einzigartig ist.<\/p>\n<p>Ob Sie <strong>klassische oder moderne<\/strong> Designs bevorzugen, unsere Kollektionen haben f\u00fcr jeden etwas zu bieten. Von Halsketten bis hin zu Ringen, Armb\u00e4ndern bis hin zu Ohrringen werden Sie sicherlich etwas Besonderes finden, das zu Ihrem Geschmack und Stil passt.<\/p>\n<p>Wir erweitern st\u00e4ndig unsere Kollektionen mit neuen Designs, die die neuesten Trends in der Schmuckmode widerspiegeln.[\/vc_column_text][\/vc_column][\/vc_row]<\/p>\n<\/div>","protected":false},"excerpt":{"rendered":"<p>[vc_row full_width=&#8220;stretch_row_content_no_spaces&#8220; equal_height=&#8220;yes&#8220; content_placement=&#8220;middle&#8220;][vc_column parallax=&#8220;content-moving&#8220; parallax_speed_bg=&#8220;none&#8220; width=&#8220;1\/2&#8243; el_class=&#8220;image&#8220;][vc_single_image image=&#8220;1382&#8243; img_size=&#8220;full&#8220;][\/vc_column][vc_column width=&#8220;1\/2&#8243; css=&#8220;.vc_custom_1667242586735{padding-right: 10% !important;padding-left: 10% !important;}&#8220;][vc_custom_heading text=&#8220;Gavit &#8211; Modellierung und Herstellung von Schmuck&#8220; font_container=&#8220;tag:h2|font_size:3em|text_align:left|color:%230a4650&#8243; use_theme_fonts=&#8220;yes&#8220;][vc_separator][vc_column_text]&#8220;Gavit&#8220; ist ein Unternehmen, das Gold- und Silberschmuck sowie Accessoires modelliert und herstellt. Das Ziel bei der Gr\u00fcndung des Unternehmens war es, unseren Kunden Einzigartigkeit und Besonderheit anzubieten. Gavit-Schmuck, der sowohl [&hellip;]<\/p>\n","protected":false},"author":1,"featured_media":0,"parent":0,"menu_order":0,"comment_status":"closed","ping_status":"closed","template":"","meta":{"footnotes":""},"class_list":["post-1588","page","type-page","status-publish","hentry"],"yoast_head":"<!-- This site is optimized with the Yoast SEO plugin v27.2 - https:\/\/yoast.com\/product\/yoast-seo-wordpress\/ -->\n<title>\u00dcber Gavit - GAVIT<\/title>\n<meta name=\"robots\" content=\"index, follow, max-snippet:-1, max-image-preview:large, max-video-preview:-1\" \/>\n<link rel=\"canonical\" href=\"https:\/\/www.gavit.net\/de\/ueber-gavit\/\" \/>\n<meta property=\"og:locale\" content=\"de_DE\" \/>\n<meta property=\"og:type\" content=\"article\" \/>\n<meta property=\"og:title\" content=\"\u00dcber Gavit - GAVIT\" \/>\n<meta property=\"og:description\" content=\"[vc_row full_width=&#8220;stretch_row_content_no_spaces&#8220; equal_height=&#8220;yes&#8220; content_placement=&#8220;middle&#8220;][vc_column parallax=&#8220;content-moving&#8220; parallax_speed_bg=&#8220;none&#8220; width=&#8220;1\/2&#8243; el_class=&#8220;image&#8220;][vc_single_image image=&#8220;1382&#8243; img_size=&#8220;full&#8220;][\/vc_column][vc_column width=&#8220;1\/2&#8243; css=&#8220;.vc_custom_1667242586735{padding-right: 10% !important;padding-left: 10% !important;}&#8220;][vc_custom_heading text=&#8220;Gavit &#8211; Modellierung und Herstellung von Schmuck&#8220; font_container=&#8220;tag:h2|font_size:3em|text_align:left|color:%230a4650&#8243; use_theme_fonts=&#8220;yes&#8220;][vc_separator][vc_column_text]&#8220;Gavit&#8220; ist ein Unternehmen, das Gold- und Silberschmuck sowie Accessoires modelliert und herstellt. Das Ziel bei der Gr\u00fcndung des Unternehmens war es, unseren Kunden Einzigartigkeit und Besonderheit anzubieten. Gavit-Schmuck, der sowohl [&hellip;]\" \/>\n<meta property=\"og:url\" content=\"https:\/\/www.gavit.net\/de\/ueber-gavit\/\" \/>\n<meta property=\"og:site_name\" content=\"GAVIT\" \/>\n<meta property=\"article:modified_time\" content=\"2023-04-02T20:59:11+00:00\" \/>\n<meta name=\"twitter:card\" content=\"summary_large_image\" \/>\n<meta name=\"twitter:label1\" content=\"Gesch\u00e4tzte Lesezeit\" \/>\n\t<meta name=\"twitter:data1\" content=\"2\u00a0Minuten\" \/>\n<script type=\"application\/ld+json\" class=\"yoast-schema-graph\">{\"@context\":\"https:\/\/schema.org\",\"@graph\":[{\"@type\":\"WebPage\",\"@id\":\"https:\/\/www.gavit.net\/de\/ueber-gavit\/\",\"url\":\"https:\/\/www.gavit.net\/de\/ueber-gavit\/\",\"name\":\"\u00dcber Gavit - GAVIT\",\"isPartOf\":{\"@id\":\"https:\/\/www.gavit.net\/en\/#website\"},\"datePublished\":\"2023-03-17T18:01:24+00:00\",\"dateModified\":\"2023-04-02T20:59:11+00:00\",\"breadcrumb\":{\"@id\":\"https:\/\/www.gavit.net\/de\/ueber-gavit\/#breadcrumb\"},\"inLanguage\":\"de\",\"potentialAction\":[{\"@type\":\"ReadAction\",\"target\":[\"https:\/\/www.gavit.net\/de\/ueber-gavit\/\"]}]},{\"@type\":\"BreadcrumbList\",\"@id\":\"https:\/\/www.gavit.net\/de\/ueber-gavit\/#breadcrumb\",\"itemListElement\":[{\"@type\":\"ListItem\",\"position\":1,\"name\":\"Home\",\"item\":\"https:\/\/www.gavit.net\/de\/\"},{\"@type\":\"ListItem\",\"position\":2,\"name\":\"\u00dcber Gavit\"}]},{\"@type\":\"WebSite\",\"@id\":\"https:\/\/www.gavit.net\/en\/#website\",\"url\":\"https:\/\/www.gavit.net\/en\/\",\"name\":\"GAVIT\",\"description\":\"Unique gold jewelry of a special kind\",\"potentialAction\":[{\"@type\":\"SearchAction\",\"target\":{\"@type\":\"EntryPoint\",\"urlTemplate\":\"https:\/\/www.gavit.net\/en\/?s={search_term_string}\"},\"query-input\":{\"@type\":\"PropertyValueSpecification\",\"valueRequired\":true,\"valueName\":\"search_term_string\"}}],\"inLanguage\":\"de\"}]}<\/script>\n<!-- \/ Yoast SEO plugin. -->","yoast_head_json":{"title":"\u00dcber Gavit - GAVIT","robots":{"index":"index","follow":"follow","max-snippet":"max-snippet:-1","max-image-preview":"max-image-preview:large","max-video-preview":"max-video-preview:-1"},"canonical":"https:\/\/www.gavit.net\/de\/ueber-gavit\/","og_locale":"de_DE","og_type":"article","og_title":"\u00dcber Gavit - GAVIT","og_description":"[vc_row full_width=&#8220;stretch_row_content_no_spaces&#8220; equal_height=&#8220;yes&#8220; content_placement=&#8220;middle&#8220;][vc_column parallax=&#8220;content-moving&#8220; parallax_speed_bg=&#8220;none&#8220; width=&#8220;1\/2&#8243; el_class=&#8220;image&#8220;][vc_single_image image=&#8220;1382&#8243; img_size=&#8220;full&#8220;][\/vc_column][vc_column width=&#8220;1\/2&#8243; css=&#8220;.vc_custom_1667242586735{padding-right: 10% !important;padding-left: 10% !important;}&#8220;][vc_custom_heading text=&#8220;Gavit &#8211; Modellierung und Herstellung von Schmuck&#8220; font_container=&#8220;tag:h2|font_size:3em|text_align:left|color:%230a4650&#8243; use_theme_fonts=&#8220;yes&#8220;][vc_separator][vc_column_text]&#8220;Gavit&#8220; ist ein Unternehmen, das Gold- und Silberschmuck sowie Accessoires modelliert und herstellt. Das Ziel bei der Gr\u00fcndung des Unternehmens war es, unseren Kunden Einzigartigkeit und Besonderheit anzubieten. Gavit-Schmuck, der sowohl [&hellip;]","og_url":"https:\/\/www.gavit.net\/de\/ueber-gavit\/","og_site_name":"GAVIT","article_modified_time":"2023-04-02T20:59:11+00:00","twitter_card":"summary_large_image","twitter_misc":{"Gesch\u00e4tzte Lesezeit":"2\u00a0Minuten"},"schema":{"@context":"https:\/\/schema.org","@graph":[{"@type":"WebPage","@id":"https:\/\/www.gavit.net\/de\/ueber-gavit\/","url":"https:\/\/www.gavit.net\/de\/ueber-gavit\/","name":"\u00dcber Gavit - GAVIT","isPartOf":{"@id":"https:\/\/www.gavit.net\/en\/#website"},"datePublished":"2023-03-17T18:01:24+00:00","dateModified":"2023-04-02T20:59:11+00:00","breadcrumb":{"@id":"https:\/\/www.gavit.net\/de\/ueber-gavit\/#breadcrumb"},"inLanguage":"de","potentialAction":[{"@type":"ReadAction","target":["https:\/\/www.gavit.net\/de\/ueber-gavit\/"]}]},{"@type":"BreadcrumbList","@id":"https:\/\/www.gavit.net\/de\/ueber-gavit\/#breadcrumb","itemListElement":[{"@type":"ListItem","position":1,"name":"Home","item":"https:\/\/www.gavit.net\/de\/"},{"@type":"ListItem","position":2,"name":"\u00dcber Gavit"}]},{"@type":"WebSite","@id":"https:\/\/www.gavit.net\/en\/#website","url":"https:\/\/www.gavit.net\/en\/","name":"GAVIT","description":"Unique gold jewelry of a special kind","potentialAction":[{"@type":"SearchAction","target":{"@type":"EntryPoint","urlTemplate":"https:\/\/www.gavit.net\/en\/?s={search_term_string}"},"query-input":{"@type":"PropertyValueSpecification","valueRequired":true,"valueName":"search_term_string"}}],"inLanguage":"de"}]}},"_links":{"self":[{"href":"https:\/\/www.gavit.net\/de\/wp-json\/wp\/v2\/pages\/1588","targetHints":{"allow":["GET"]}}],"collection":[{"href":"https:\/\/www.gavit.net\/de\/wp-json\/wp\/v2\/pages"}],"about":[{"href":"https:\/\/www.gavit.net\/de\/wp-json\/wp\/v2\/types\/page"}],"author":[{"embeddable":true,"href":"https:\/\/www.gavit.net\/de\/wp-json\/wp\/v2\/users\/1"}],"replies":[{"embeddable":true,"href":"https:\/\/www.gavit.net\/de\/wp-json\/wp\/v2\/comments?post=1588"}],"version-history":[{"count":3,"href":"https:\/\/www.gavit.net\/de\/wp-json\/wp\/v2\/pages\/1588\/revisions"}],"predecessor-version":[{"id":2087,"href":"https:\/\/www.gavit.net\/de\/wp-json\/wp\/v2\/pages\/1588\/revisions\/2087"}],"wp:attachment":[{"href":"https:\/\/www.gavit.net\/de\/wp-json\/wp\/v2\/media?parent=1588"}],"curies":[{"name":"wp","href":"https:\/\/api.w.org\/{rel}","templated":true}]}}