{"id":1611,"date":"2023-03-17T22:54:44","date_gmt":"2023-03-17T18:54:44","guid":{"rendered":"https:\/\/www.gavit.net\/?page_id=1611"},"modified":"2023-03-17T22:54:44","modified_gmt":"2023-03-17T18:54:44","slug":"zahlungsarten","status":"publish","type":"page","link":"https:\/\/www.gavit.net\/de\/info\/zahlungsarten\/","title":{"rendered":"Zahlungsarten"},"content":{"rendered":"<div class=\"wpb-content-wrapper\"><p>[vc_row full_width=&#8220;stretch_row&#8220; equal_height=&#8220;yes&#8220; el_class=&#8220;gray-area&#8220;][vc_column width=&#8220;1\/2&#8243;][vc_column_text]<\/p>\n<h3>PayPal PLUS<\/h3>\n<p>PayPal PLUS vereint die meistgenutzten Zahlungswege \u2013 PayPal, Sepa-Lastschrift, Kreditkarte und Bestellung auf Rechnung \u2013 und bietet mit einer Plattform einen bequemen Zugang zu allen Zahlungen an.<\/p>\n<p>So haben die Kunden die Wahl, ob sie mit PayPal schnell und sofort bezahlen m\u00f6chten, lieber das Geld von ihrem Girokonto oder ihrer Kreditkarte abbuchen lassen wollen oder bequem auf die Ware warten und im Nachhinein auf Rechnung bezahlen. Via Kreditkarte werden im Online-Shop dann auch Visa, MasterCard, American Express akzeptiert.[\/vc_column_text][\/vc_column][vc_column width=&#8220;1\/2&#8243;][vc_column_text]<\/p>\n<h3>Amazon Pay<\/h3>\n<p>Amazon Pay macht das Einkaufen bei EPODEX noch einfacher, da Sie den Check-out-Prozess auf unserer Website sehr schnell mit den Informationen abwickeln, die bereits in Ihrem Amazon-Konto hinterlegt sind. Loggen Sie sich hierzu mit den Anmeldedaten Ihres Amazon-Kontos ein und w\u00e4hlen Sie unter den Zahlungs- und Lieferinformationen, die in Ihrem Amazon-Konto hinterlegt sind. Ihre Zahlungsinformationen bleiben dabei bei Amazon. Wenn Sie mit Amazon Pay bezahlen, gilt f\u00fcr Sie die A-bis-Z-Garantie.[\/vc_column_text][\/vc_column][\/vc_row][vc_row full_width=&#8220;stretch_row&#8220; equal_height=&#8220;yes&#8220; el_class=&#8220;white-area&#8220;][vc_column width=&#8220;1\/2&#8243;][vc_column_text]<\/p>\n<h3>Kreditkarten (MasterCard, Visa Card, American Express)<\/h3>\n<p>Kreditkartenzahlungen werden \u00fcber unsere Zahlungspartner Stripe abgewickelt. Wir akzeptieren MasterCard, Visa Card oder American Express.<\/p>\n<p>Das Bezahlen per Kreditkarte ist f\u00fcr unsere Kunden kostenlos. Bitte beachten Sie, dass Ihr Kreditkartenkonto aus technischen Gr\u00fcnden sofort nach Abschlu\u00df der Bestellung belastetet wird.[\/vc_column_text][\/vc_column][vc_column width=&#8220;1\/2&#8243;][vc_column_text]<\/p>\n<h3>Giropay<\/h3>\n<p>Online-\u00dcberweisung leichtgemacht: Das Online-Bezahlverfahren giropay wird von den meisten Banken und Sparkassen angeboten. Basierend auf dem Online-Banking mit PIN und TAN, erm\u00f6glicht es Ihnen die einfache, schnelle und sichere Bezahlung per Online-\u00dcberweisung. Sie ben\u00f6tigen f\u00fcr die Zahlung mit giropay lediglich ein Online-Banking-Girokonto bei einer teilnehmenden Bank oder Sparkasse. Mit giropay f\u00fchren Sie Ihre Online-\u00dcberweisung in der sicheren Online-Banking-Umgebung Ihres Kreditinstituts durch. Damit ist garantiert, dass sensible Daten (PIN\/TAN) nur zwischen Ihnen und der Bank ausgetauscht werden. Kein Dritter hat Einblick in pers\u00f6nliche Konto- und Umsatzinformationen.[\/vc_column_text][\/vc_column][\/vc_row][vc_row full_width=&#8220;stretch_row&#8220; equal_height=&#8220;yes&#8220; el_class=&#8220;gray-area&#8220;][vc_column width=&#8220;1\/2&#8243;][vc_column_text]<\/p>\n<h3>Sofort\u00fcberweisung<\/h3>\n<p>Die Sofort\u00fcberweisung ist ein Online-Zahlungssystem auf Basis des bew\u00e4hrten Online-Bankings mit PIN-\/TAN-Eingabe zur sicheren und schnellen Abwicklung Ihrer Online-K\u00e4ufe.<\/p>\n<p>Es handelt sich hierbei um eine innovative Zahlungsart mit gepr\u00fcfter Transaktionssicherheit. \u00dcber das gesicherte, f\u00fcr H\u00e4ndler nicht zug\u00e4ngliche Zahlformular stellt Sofort\u00fcberweisung automatisiert und in Echtzeit eine \u00dcberweisung in Ihrem Online-Bankkonto ein. Dabei wird der Kaufbetrag sofort an unser Bankkonto \u00fcberwiesen und wir k\u00f6nnen unverz\u00fcglich Ihre Bestellung vorbereiten und versenden.[\/vc_column_text][\/vc_column][vc_column width=&#8220;1\/2&#8243;][vc_column_text]<\/p>\n<h3>Bank\u00fcberweisung direkt an uns<\/h3>\n<p>Bei der Direkt\u00fcberweisung \u00fcberweisen Sie den Kaufbetrag auf unsere Bankverbindung, nachdem Sie Ihre Bestellung abgeschlossen haben. Sobald Ihre \u00dcberweisung auf unser Bankkonto eingegangen ist, versenden wir Ihre Bestellung an die von Ihnen angegebene Lieferadresse. Nachfolgend finden Sie unsere Bankdaten.[\/vc_column_text][\/vc_column][\/vc_row][vc_column width=&#8220;3\/4&#8243;][\/vc_column]<\/p>\n<\/div>","protected":false},"excerpt":{"rendered":"<p>[vc_row full_width=&#8220;stretch_row&#8220; equal_height=&#8220;yes&#8220; el_class=&#8220;gray-area&#8220;][vc_column width=&#8220;1\/2&#8243;][vc_column_text] PayPal PLUS PayPal PLUS vereint die meistgenutzten Zahlungswege \u2013 PayPal, Sepa-Lastschrift, Kreditkarte und Bestellung auf Rechnung \u2013 und bietet mit einer Plattform einen bequemen Zugang zu allen Zahlungen an. So haben die Kunden die Wahl, ob sie mit PayPal schnell und sofort bezahlen m\u00f6chten, lieber das Geld von ihrem Girokonto [&hellip;]<\/p>\n","protected":false},"author":1,"featured_media":0,"parent":1599,"menu_order":0,"comment_status":"closed","ping_status":"closed","template":"","meta":{"footnotes":""},"class_list":["post-1611","page","type-page","status-publish","hentry"],"yoast_head":"<!-- This site is optimized with the Yoast SEO plugin v27.2 - https:\/\/yoast.com\/product\/yoast-seo-wordpress\/ -->\n<title>Zahlungsarten - GAVIT<\/title>\n<meta name=\"robots\" content=\"index, follow, max-snippet:-1, max-image-preview:large, max-video-preview:-1\" \/>\n<link rel=\"canonical\" href=\"https:\/\/www.gavit.net\/de\/info\/zahlungsarten\/\" \/>\n<meta property=\"og:locale\" content=\"de_DE\" \/>\n<meta property=\"og:type\" content=\"article\" \/>\n<meta property=\"og:title\" content=\"Zahlungsarten - GAVIT\" \/>\n<meta property=\"og:description\" content=\"[vc_row full_width=&#8220;stretch_row&#8220; equal_height=&#8220;yes&#8220; el_class=&#8220;gray-area&#8220;][vc_column width=&#8220;1\/2&#8243;][vc_column_text] PayPal PLUS PayPal PLUS vereint die meistgenutzten Zahlungswege \u2013 PayPal, Sepa-Lastschrift, Kreditkarte und Bestellung auf Rechnung \u2013 und bietet mit einer Plattform einen bequemen Zugang zu allen Zahlungen an. So haben die Kunden die Wahl, ob sie mit PayPal schnell und sofort bezahlen m\u00f6chten, lieber das Geld von ihrem Girokonto [&hellip;]\" \/>\n<meta property=\"og:url\" content=\"https:\/\/www.gavit.net\/de\/info\/zahlungsarten\/\" \/>\n<meta property=\"og:site_name\" content=\"GAVIT\" \/>\n<meta name=\"twitter:card\" content=\"summary_large_image\" \/>\n<meta name=\"twitter:label1\" content=\"Gesch\u00e4tzte Lesezeit\" \/>\n\t<meta name=\"twitter:data1\" content=\"2\u00a0Minuten\" \/>\n<script type=\"application\/ld+json\" class=\"yoast-schema-graph\">{\"@context\":\"https:\/\/schema.org\",\"@graph\":[{\"@type\":\"WebPage\",\"@id\":\"https:\/\/www.gavit.net\/de\/info\/zahlungsarten\/\",\"url\":\"https:\/\/www.gavit.net\/de\/info\/zahlungsarten\/\",\"name\":\"Zahlungsarten - GAVIT\",\"isPartOf\":{\"@id\":\"https:\/\/www.gavit.net\/en\/#website\"},\"datePublished\":\"2023-03-17T18:54:44+00:00\",\"breadcrumb\":{\"@id\":\"https:\/\/www.gavit.net\/de\/info\/zahlungsarten\/#breadcrumb\"},\"inLanguage\":\"de\",\"potentialAction\":[{\"@type\":\"ReadAction\",\"target\":[\"https:\/\/www.gavit.net\/de\/info\/zahlungsarten\/\"]}]},{\"@type\":\"BreadcrumbList\",\"@id\":\"https:\/\/www.gavit.net\/de\/info\/zahlungsarten\/#breadcrumb\",\"itemListElement\":[{\"@type\":\"ListItem\",\"position\":1,\"name\":\"Home\",\"item\":\"https:\/\/www.gavit.net\/de\/\"},{\"@type\":\"ListItem\",\"position\":2,\"name\":\"Info\",\"item\":\"https:\/\/www.gavit.net\/de\/info\/\"},{\"@type\":\"ListItem\",\"position\":3,\"name\":\"Zahlungsarten\"}]},{\"@type\":\"WebSite\",\"@id\":\"https:\/\/www.gavit.net\/en\/#website\",\"url\":\"https:\/\/www.gavit.net\/en\/\",\"name\":\"GAVIT\",\"description\":\"Unique gold jewelry of a special kind\",\"potentialAction\":[{\"@type\":\"SearchAction\",\"target\":{\"@type\":\"EntryPoint\",\"urlTemplate\":\"https:\/\/www.gavit.net\/en\/?s={search_term_string}\"},\"query-input\":{\"@type\":\"PropertyValueSpecification\",\"valueRequired\":true,\"valueName\":\"search_term_string\"}}],\"inLanguage\":\"de\"}]}<\/script>\n<!-- \/ Yoast SEO plugin. -->","yoast_head_json":{"title":"Zahlungsarten - GAVIT","robots":{"index":"index","follow":"follow","max-snippet":"max-snippet:-1","max-image-preview":"max-image-preview:large","max-video-preview":"max-video-preview:-1"},"canonical":"https:\/\/www.gavit.net\/de\/info\/zahlungsarten\/","og_locale":"de_DE","og_type":"article","og_title":"Zahlungsarten - GAVIT","og_description":"[vc_row full_width=&#8220;stretch_row&#8220; equal_height=&#8220;yes&#8220; el_class=&#8220;gray-area&#8220;][vc_column width=&#8220;1\/2&#8243;][vc_column_text] PayPal PLUS PayPal PLUS vereint die meistgenutzten Zahlungswege \u2013 PayPal, Sepa-Lastschrift, Kreditkarte und Bestellung auf Rechnung \u2013 und bietet mit einer Plattform einen bequemen Zugang zu allen Zahlungen an. So haben die Kunden die Wahl, ob sie mit PayPal schnell und sofort bezahlen m\u00f6chten, lieber das Geld von ihrem Girokonto [&hellip;]","og_url":"https:\/\/www.gavit.net\/de\/info\/zahlungsarten\/","og_site_name":"GAVIT","twitter_card":"summary_large_image","twitter_misc":{"Gesch\u00e4tzte Lesezeit":"2\u00a0Minuten"},"schema":{"@context":"https:\/\/schema.org","@graph":[{"@type":"WebPage","@id":"https:\/\/www.gavit.net\/de\/info\/zahlungsarten\/","url":"https:\/\/www.gavit.net\/de\/info\/zahlungsarten\/","name":"Zahlungsarten - GAVIT","isPartOf":{"@id":"https:\/\/www.gavit.net\/en\/#website"},"datePublished":"2023-03-17T18:54:44+00:00","breadcrumb":{"@id":"https:\/\/www.gavit.net\/de\/info\/zahlungsarten\/#breadcrumb"},"inLanguage":"de","potentialAction":[{"@type":"ReadAction","target":["https:\/\/www.gavit.net\/de\/info\/zahlungsarten\/"]}]},{"@type":"BreadcrumbList","@id":"https:\/\/www.gavit.net\/de\/info\/zahlungsarten\/#breadcrumb","itemListElement":[{"@type":"ListItem","position":1,"name":"Home","item":"https:\/\/www.gavit.net\/de\/"},{"@type":"ListItem","position":2,"name":"Info","item":"https:\/\/www.gavit.net\/de\/info\/"},{"@type":"ListItem","position":3,"name":"Zahlungsarten"}]},{"@type":"WebSite","@id":"https:\/\/www.gavit.net\/en\/#website","url":"https:\/\/www.gavit.net\/en\/","name":"GAVIT","description":"Unique gold jewelry of a special kind","potentialAction":[{"@type":"SearchAction","target":{"@type":"EntryPoint","urlTemplate":"https:\/\/www.gavit.net\/en\/?s={search_term_string}"},"query-input":{"@type":"PropertyValueSpecification","valueRequired":true,"valueName":"search_term_string"}}],"inLanguage":"de"}]}},"_links":{"self":[{"href":"https:\/\/www.gavit.net\/de\/wp-json\/wp\/v2\/pages\/1611","targetHints":{"allow":["GET"]}}],"collection":[{"href":"https:\/\/www.gavit.net\/de\/wp-json\/wp\/v2\/pages"}],"about":[{"href":"https:\/\/www.gavit.net\/de\/wp-json\/wp\/v2\/types\/page"}],"author":[{"embeddable":true,"href":"https:\/\/www.gavit.net\/de\/wp-json\/wp\/v2\/users\/1"}],"replies":[{"embeddable":true,"href":"https:\/\/www.gavit.net\/de\/wp-json\/wp\/v2\/comments?post=1611"}],"version-history":[{"count":1,"href":"https:\/\/www.gavit.net\/de\/wp-json\/wp\/v2\/pages\/1611\/revisions"}],"predecessor-version":[{"id":1616,"href":"https:\/\/www.gavit.net\/de\/wp-json\/wp\/v2\/pages\/1611\/revisions\/1616"}],"up":[{"embeddable":true,"href":"https:\/\/www.gavit.net\/de\/wp-json\/wp\/v2\/pages\/1599"}],"wp:attachment":[{"href":"https:\/\/www.gavit.net\/de\/wp-json\/wp\/v2\/media?parent=1611"}],"curies":[{"name":"wp","href":"https:\/\/api.w.org\/{rel}","templated":true}]}}