{"id":1612,"date":"2023-03-17T22:50:13","date_gmt":"2023-03-17T18:50:13","guid":{"rendered":"https:\/\/www.gavit.net\/?page_id=1612"},"modified":"2023-03-17T22:50:40","modified_gmt":"2023-03-17T18:50:40","slug":"versand","status":"publish","type":"page","link":"https:\/\/www.gavit.net\/de\/info\/versand\/","title":{"rendered":"Versand"},"content":{"rendered":"<div class=\"wpb-content-wrapper\"><p>[vc_row][vc_column][vc_custom_heading text=&#8220;Versand&#8220; font_container=&#8220;tag:h2|text_align:center&#8220; use_theme_fonts=&#8220;yes&#8220;][vc_separator][\/vc_column][\/vc_row][vc_row][vc_column width=&#8220;1\/2&#8243;][vc_column_text]Wir berechnen folgende Versandgeb\u00fchren pro Bestellung:<\/p>\n<p>Deutschland: 3 \u20ac<\/p>\n<p>\u00d6sterreich, Italien, Frankreich, D\u00e4nemark, Niederlande, Belgien, Luxemburg, Polen, Monaco, Liechtenstein, Tschechische Republik, Slowakei, Slowenien: 5,99 \u20ac<\/p>\n<p>Vereinigtes K\u00f6nigreich, Spanien, Portugal, Schweiz, Schweden, Irland, Ungarn, Norwegen, Bulgarien, Estland, Finnland, Griechenland, Litauen, Lettland, Rum\u00e4nien, Kroatien: 7,99 \u20ac<\/p>\n<p>Bei Lieferungen in Nicht-EU-L\u00e4nder (Norwegen, Schweiz) k\u00f6nnen Einfuhrabgaben anfallen, mit Ausnahme des Vereinigten K\u00f6nigreichs. Alle Lieferungen f\u00fcr das Vereinigte K\u00f6nigreich sind frei von Einfuhrabgaben.<\/p>\n<p>Lieferzeitraum: In der Regel zwischen 1-3 Werktagen.[\/vc_column_text][\/vc_column][vc_column width=&#8220;1\/2&#8243;][vc_single_image image=&#8220;1562&#8243; img_size=&#8220;large&#8220;][\/vc_column][\/vc_row]<\/p>\n<\/div>","protected":false},"excerpt":{"rendered":"<p>[vc_row][vc_column][vc_custom_heading text=&#8220;Versand&#8220; font_container=&#8220;tag:h2|text_align:center&#8220; use_theme_fonts=&#8220;yes&#8220;][vc_separator][\/vc_column][\/vc_row][vc_row][vc_column width=&#8220;1\/2&#8243;][vc_column_text]Wir berechnen folgende Versandgeb\u00fchren pro Bestellung: Deutschland: 3 \u20ac \u00d6sterreich, Italien, Frankreich, D\u00e4nemark, Niederlande, Belgien, Luxemburg, Polen, Monaco, Liechtenstein, Tschechische Republik, Slowakei, Slowenien: 5,99 \u20ac Vereinigtes K\u00f6nigreich, Spanien, Portugal, Schweiz, Schweden, Irland, Ungarn, Norwegen, Bulgarien, Estland, Finnland, Griechenland, Litauen, Lettland, Rum\u00e4nien, Kroatien: 7,99 \u20ac Bei Lieferungen in Nicht-EU-L\u00e4nder (Norwegen, Schweiz) k\u00f6nnen [&hellip;]<\/p>\n","protected":false},"author":1,"featured_media":0,"parent":1599,"menu_order":0,"comment_status":"closed","ping_status":"closed","template":"","meta":{"footnotes":""},"class_list":["post-1612","page","type-page","status-publish","hentry"],"yoast_head":"<!-- This site is optimized with the Yoast SEO plugin v27.2 - https:\/\/yoast.com\/product\/yoast-seo-wordpress\/ -->\n<title>Versand - GAVIT<\/title>\n<meta name=\"robots\" content=\"index, follow, max-snippet:-1, max-image-preview:large, max-video-preview:-1\" \/>\n<link rel=\"canonical\" href=\"https:\/\/www.gavit.net\/de\/info\/versand\/\" \/>\n<meta property=\"og:locale\" content=\"de_DE\" \/>\n<meta property=\"og:type\" content=\"article\" \/>\n<meta property=\"og:title\" content=\"Versand - GAVIT\" \/>\n<meta property=\"og:description\" content=\"[vc_row][vc_column][vc_custom_heading text=&#8220;Versand&#8220; font_container=&#8220;tag:h2|text_align:center&#8220; use_theme_fonts=&#8220;yes&#8220;][vc_separator][\/vc_column][\/vc_row][vc_row][vc_column width=&#8220;1\/2&#8243;][vc_column_text]Wir berechnen folgende Versandgeb\u00fchren pro Bestellung: Deutschland: 3 \u20ac \u00d6sterreich, Italien, Frankreich, D\u00e4nemark, Niederlande, Belgien, Luxemburg, Polen, Monaco, Liechtenstein, Tschechische Republik, Slowakei, Slowenien: 5,99 \u20ac Vereinigtes K\u00f6nigreich, Spanien, Portugal, Schweiz, Schweden, Irland, Ungarn, Norwegen, Bulgarien, Estland, Finnland, Griechenland, Litauen, Lettland, Rum\u00e4nien, Kroatien: 7,99 \u20ac Bei Lieferungen in Nicht-EU-L\u00e4nder (Norwegen, Schweiz) k\u00f6nnen [&hellip;]\" \/>\n<meta property=\"og:url\" content=\"https:\/\/www.gavit.net\/de\/info\/versand\/\" \/>\n<meta property=\"og:site_name\" content=\"GAVIT\" \/>\n<meta property=\"article:modified_time\" content=\"2023-03-17T18:50:40+00:00\" \/>\n<meta name=\"twitter:card\" content=\"summary_large_image\" \/>\n<meta name=\"twitter:label1\" content=\"Gesch\u00e4tzte Lesezeit\" \/>\n\t<meta name=\"twitter:data1\" content=\"1\u00a0Minute\" \/>\n<script type=\"application\/ld+json\" class=\"yoast-schema-graph\">{\"@context\":\"https:\/\/schema.org\",\"@graph\":[{\"@type\":\"WebPage\",\"@id\":\"https:\/\/www.gavit.net\/de\/info\/versand\/\",\"url\":\"https:\/\/www.gavit.net\/de\/info\/versand\/\",\"name\":\"Versand - GAVIT\",\"isPartOf\":{\"@id\":\"https:\/\/www.gavit.net\/en\/#website\"},\"datePublished\":\"2023-03-17T18:50:13+00:00\",\"dateModified\":\"2023-03-17T18:50:40+00:00\",\"breadcrumb\":{\"@id\":\"https:\/\/www.gavit.net\/de\/info\/versand\/#breadcrumb\"},\"inLanguage\":\"de\",\"potentialAction\":[{\"@type\":\"ReadAction\",\"target\":[\"https:\/\/www.gavit.net\/de\/info\/versand\/\"]}]},{\"@type\":\"BreadcrumbList\",\"@id\":\"https:\/\/www.gavit.net\/de\/info\/versand\/#breadcrumb\",\"itemListElement\":[{\"@type\":\"ListItem\",\"position\":1,\"name\":\"Home\",\"item\":\"https:\/\/www.gavit.net\/de\/\"},{\"@type\":\"ListItem\",\"position\":2,\"name\":\"Info\",\"item\":\"https:\/\/www.gavit.net\/de\/info\/\"},{\"@type\":\"ListItem\",\"position\":3,\"name\":\"Versand\"}]},{\"@type\":\"WebSite\",\"@id\":\"https:\/\/www.gavit.net\/en\/#website\",\"url\":\"https:\/\/www.gavit.net\/en\/\",\"name\":\"GAVIT\",\"description\":\"Unique gold jewelry of a special kind\",\"potentialAction\":[{\"@type\":\"SearchAction\",\"target\":{\"@type\":\"EntryPoint\",\"urlTemplate\":\"https:\/\/www.gavit.net\/en\/?s={search_term_string}\"},\"query-input\":{\"@type\":\"PropertyValueSpecification\",\"valueRequired\":true,\"valueName\":\"search_term_string\"}}],\"inLanguage\":\"de\"}]}<\/script>\n<!-- \/ Yoast SEO plugin. -->","yoast_head_json":{"title":"Versand - GAVIT","robots":{"index":"index","follow":"follow","max-snippet":"max-snippet:-1","max-image-preview":"max-image-preview:large","max-video-preview":"max-video-preview:-1"},"canonical":"https:\/\/www.gavit.net\/de\/info\/versand\/","og_locale":"de_DE","og_type":"article","og_title":"Versand - GAVIT","og_description":"[vc_row][vc_column][vc_custom_heading text=&#8220;Versand&#8220; font_container=&#8220;tag:h2|text_align:center&#8220; use_theme_fonts=&#8220;yes&#8220;][vc_separator][\/vc_column][\/vc_row][vc_row][vc_column width=&#8220;1\/2&#8243;][vc_column_text]Wir berechnen folgende Versandgeb\u00fchren pro Bestellung: Deutschland: 3 \u20ac \u00d6sterreich, Italien, Frankreich, D\u00e4nemark, Niederlande, Belgien, Luxemburg, Polen, Monaco, Liechtenstein, Tschechische Republik, Slowakei, Slowenien: 5,99 \u20ac Vereinigtes K\u00f6nigreich, Spanien, Portugal, Schweiz, Schweden, Irland, Ungarn, Norwegen, Bulgarien, Estland, Finnland, Griechenland, Litauen, Lettland, Rum\u00e4nien, Kroatien: 7,99 \u20ac Bei Lieferungen in Nicht-EU-L\u00e4nder (Norwegen, Schweiz) k\u00f6nnen [&hellip;]","og_url":"https:\/\/www.gavit.net\/de\/info\/versand\/","og_site_name":"GAVIT","article_modified_time":"2023-03-17T18:50:40+00:00","twitter_card":"summary_large_image","twitter_misc":{"Gesch\u00e4tzte Lesezeit":"1\u00a0Minute"},"schema":{"@context":"https:\/\/schema.org","@graph":[{"@type":"WebPage","@id":"https:\/\/www.gavit.net\/de\/info\/versand\/","url":"https:\/\/www.gavit.net\/de\/info\/versand\/","name":"Versand - GAVIT","isPartOf":{"@id":"https:\/\/www.gavit.net\/en\/#website"},"datePublished":"2023-03-17T18:50:13+00:00","dateModified":"2023-03-17T18:50:40+00:00","breadcrumb":{"@id":"https:\/\/www.gavit.net\/de\/info\/versand\/#breadcrumb"},"inLanguage":"de","potentialAction":[{"@type":"ReadAction","target":["https:\/\/www.gavit.net\/de\/info\/versand\/"]}]},{"@type":"BreadcrumbList","@id":"https:\/\/www.gavit.net\/de\/info\/versand\/#breadcrumb","itemListElement":[{"@type":"ListItem","position":1,"name":"Home","item":"https:\/\/www.gavit.net\/de\/"},{"@type":"ListItem","position":2,"name":"Info","item":"https:\/\/www.gavit.net\/de\/info\/"},{"@type":"ListItem","position":3,"name":"Versand"}]},{"@type":"WebSite","@id":"https:\/\/www.gavit.net\/en\/#website","url":"https:\/\/www.gavit.net\/en\/","name":"GAVIT","description":"Unique gold jewelry of a special kind","potentialAction":[{"@type":"SearchAction","target":{"@type":"EntryPoint","urlTemplate":"https:\/\/www.gavit.net\/en\/?s={search_term_string}"},"query-input":{"@type":"PropertyValueSpecification","valueRequired":true,"valueName":"search_term_string"}}],"inLanguage":"de"}]}},"_links":{"self":[{"href":"https:\/\/www.gavit.net\/de\/wp-json\/wp\/v2\/pages\/1612","targetHints":{"allow":["GET"]}}],"collection":[{"href":"https:\/\/www.gavit.net\/de\/wp-json\/wp\/v2\/pages"}],"about":[{"href":"https:\/\/www.gavit.net\/de\/wp-json\/wp\/v2\/types\/page"}],"author":[{"embeddable":true,"href":"https:\/\/www.gavit.net\/de\/wp-json\/wp\/v2\/users\/1"}],"replies":[{"embeddable":true,"href":"https:\/\/www.gavit.net\/de\/wp-json\/wp\/v2\/comments?post=1612"}],"version-history":[{"count":3,"href":"https:\/\/www.gavit.net\/de\/wp-json\/wp\/v2\/pages\/1612\/revisions"}],"predecessor-version":[{"id":1615,"href":"https:\/\/www.gavit.net\/de\/wp-json\/wp\/v2\/pages\/1612\/revisions\/1615"}],"up":[{"embeddable":true,"href":"https:\/\/www.gavit.net\/de\/wp-json\/wp\/v2\/pages\/1599"}],"wp:attachment":[{"href":"https:\/\/www.gavit.net\/de\/wp-json\/wp\/v2\/media?parent=1612"}],"curies":[{"name":"wp","href":"https:\/\/api.w.org\/{rel}","templated":true}]}}