{"id":1586,"date":"2022-05-07T19:03:11","date_gmt":"2022-05-07T15:03:11","guid":{"rendered":"https:\/\/www.gavit.net\/product\/gold-pendant-pyramid\/"},"modified":"2023-03-17T21:56:42","modified_gmt":"2023-03-17T17:56:42","slug":"goldanhaenger-pyramid","status":"publish","type":"product","link":"https:\/\/www.gavit.net\/de\/product\/goldanhaenger-pyramid\/","title":{"rendered":"Goldanh\u00e4nger &#8222;PYRAMID&#8220;"},"content":{"rendered":"<div class=\"wpb-content-wrapper\"><p>[vc_row el_class=&#8220;white-area&#8220;][vc_column]                <div class=\"vc-custom-slider-holder\">\n\t                                    <div class=\"images-slider-holder desktop-one-product tablet-one-product mobile-one-product\"\n                         data-desktop-count=\"1\"\n                         data-mobile-count=\"1\"\n                         data-tablet-count=\"1\"\n                         data-pagination=\"true\"\n                         data-autoplay=\"true\" data-controls=\"true\"\n                         data-slideby=\"page\" data-animation=\"3000\"\n                         data-slidespeed=\"7000\" data-fade=\"gallery\"\n                         data-space=\"0\">\n\t\t\t\t\t\t                            <div class=\"vc-image-slide-item\">\n                                <div class=\"inner-holder\">\n                                    <a class=\"image-holder\" >\n\t\t\t\t\t\t\t\t\t\t<img loading=\"lazy\" decoding=\"async\" width=\"1200\" height=\"600\" src=\"https:\/\/www.gavit.net\/wp-content\/uploads\/2021\/11\/gavit-brand-1200-600.jpg\" class=\"attachment-full size-full\" alt=\"\" title=\"gavit-brand-1200-600\" srcset=\"https:\/\/www.gavit.net\/wp-content\/uploads\/2021\/11\/gavit-brand-1200-600.jpg 1200w, https:\/\/www.gavit.net\/wp-content\/uploads\/2021\/11\/gavit-brand-1200-600-600x300.jpg 600w, https:\/\/www.gavit.net\/wp-content\/uploads\/2021\/11\/gavit-brand-1200-600-300x150.jpg 300w, https:\/\/www.gavit.net\/wp-content\/uploads\/2021\/11\/gavit-brand-1200-600-1024x512.jpg 1024w, https:\/\/www.gavit.net\/wp-content\/uploads\/2021\/11\/gavit-brand-1200-600-768x384.jpg 768w\" sizes=\"auto, (max-width: 1200px) 100vw, 1200px\" \/>                                    <\/a>\n\t\t\t\t\t\t\t\t\t                                <\/div>\n                            <\/div>\n\t\t\t\t\t\t                            <div class=\"vc-image-slide-item\">\n                                <div class=\"inner-holder\">\n                                    <a class=\"image-holder\" >\n\t\t\t\t\t\t\t\t\t\t<img loading=\"lazy\" decoding=\"async\" width=\"1200\" height=\"600\" src=\"https:\/\/www.gavit.net\/wp-content\/uploads\/2021\/11\/gavit-cover-foto-1200-600.jpg\" class=\"attachment-full size-full\" alt=\"\" title=\"gavit-cover-foto-1200-600\" srcset=\"https:\/\/www.gavit.net\/wp-content\/uploads\/2021\/11\/gavit-cover-foto-1200-600.jpg 1200w, https:\/\/www.gavit.net\/wp-content\/uploads\/2021\/11\/gavit-cover-foto-1200-600-600x300.jpg 600w, https:\/\/www.gavit.net\/wp-content\/uploads\/2021\/11\/gavit-cover-foto-1200-600-300x150.jpg 300w, https:\/\/www.gavit.net\/wp-content\/uploads\/2021\/11\/gavit-cover-foto-1200-600-1024x512.jpg 1024w, https:\/\/www.gavit.net\/wp-content\/uploads\/2021\/11\/gavit-cover-foto-1200-600-768x384.jpg 768w\" sizes=\"auto, (max-width: 1200px) 100vw, 1200px\" \/>                                    <\/a>\n\t\t\t\t\t\t\t\t\t                                <\/div>\n                            <\/div>\n\t\t\t\t\t\t                    <\/div>\n                <\/div>\n\t\t\t[\/vc_column][\/vc_row]<\/p>\n<\/div>","protected":false},"excerpt":{"rendered":"<p>Die Inspiration f\u00fcr das Design dieses Anh\u00e4ngers stammt aus der reichen Tradition der armenischen Teppichkunst. Die einzigartigen Muster und Farbkombinationen wurden geschickt in das Design integriert, um ein Kunstwerk zu schaffen, das sowohl traditionell als auch modern ist.<\/p>\n<table>\n<tbody>\n<tr>\n<td>Marke<\/td>\n<td>Gawit<\/td>\n<\/tr>\n<tr>\n<td>Material<\/td>\n<td>18 Karat Gold, Emaille<\/td>\n<\/tr>\n<tr>\n<td>Farbe<\/td>\n<td>Gelb, Wei\u00df<\/td>\n<\/tr>\n<tr>\n<td>Gr\u00f6\u00dfe<\/td>\n<td>19 x 18 x 6 mm<\/td>\n<\/tr>\n<tr>\n<td>Stein<\/td>\n<td>Diamanten 0,13 Karat<\/td>\n<\/tr>\n<tr>\n<td>Diamantfarbe<\/td>\n<td>Wei\u00df<\/td>\n<\/tr>\n<tr>\n<td>Diamantqualit\u00e4t<\/td>\n<td>VVS2<\/td>\n<\/tr>\n<tr>\n<td>Anzahl Diamanten<\/td>\n<td>6<\/td>\n<\/tr>\n<\/tbody>\n<\/table>\n","protected":false},"featured_media":1491,"comment_status":"open","ping_status":"closed","template":"","meta":[],"product_brand":[],"product_cat":[56,57],"product_tag":[],"class_list":{"0":"post-1586","1":"product","2":"type-product","3":"status-publish","4":"has-post-thumbnail","6":"product_cat-castle-gold-kollektion","7":"product_cat-diamantschmuck","9":"first","10":"outofstock","11":"shipping-taxable","12":"purchasable","13":"product-type-simple"},"yoast_head":"<!-- This site is optimized with the Yoast SEO plugin v27.2 - https:\/\/yoast.com\/product\/yoast-seo-wordpress\/ -->\n<title>Goldanh\u00e4nger &quot;PYRAMID&quot; - GAVIT<\/title>\n<meta name=\"robots\" content=\"index, follow, max-snippet:-1, max-image-preview:large, max-video-preview:-1\" \/>\n<link rel=\"canonical\" href=\"https:\/\/www.gavit.net\/de\/product\/goldanhaenger-pyramid\/\" \/>\n<meta property=\"og:locale\" content=\"de_DE\" \/>\n<meta property=\"og:type\" content=\"article\" \/>\n<meta property=\"og:title\" content=\"Goldanh\u00e4nger &quot;PYRAMID&quot; - GAVIT\" \/>\n<meta property=\"og:description\" content=\"Die Inspiration f\u00fcr das Design dieses Anh\u00e4ngers stammt aus der reichen Tradition der armenischen Teppichkunst. Die einzigartigen Muster und Farbkombinationen wurden geschickt in das Design integriert, um ein Kunstwerk zu schaffen, das sowohl traditionell als auch modern ist.    Marke Gawit   Material 18 Karat Gold, Emaille   Farbe Gelb, Wei\u00df   Gr\u00f6\u00dfe 19 x 18 x 6 mm   Stein Diamanten 0,13 Karat   Diamantfarbe Wei\u00df   Diamantqualit\u00e4t VVS2   Anzahl Diamanten 6\" \/>\n<meta property=\"og:url\" content=\"https:\/\/www.gavit.net\/de\/product\/goldanhaenger-pyramid\/\" \/>\n<meta property=\"og:site_name\" content=\"GAVIT\" \/>\n<meta property=\"article:modified_time\" content=\"2023-03-17T17:56:42+00:00\" \/>\n<meta property=\"og:image\" content=\"https:\/\/www.gavit.net\/wp-content\/uploads\/2022\/05\/gold-pendant-pyramid-gavit-zoom.jpg\" \/>\n\t<meta property=\"og:image:width\" content=\"1200\" \/>\n\t<meta property=\"og:image:height\" content=\"1500\" \/>\n\t<meta property=\"og:image:type\" content=\"image\/jpeg\" \/>\n<meta name=\"twitter:card\" content=\"summary_large_image\" \/>\n<meta name=\"twitter:label1\" content=\"Gesch\u00e4tzte Lesezeit\" \/>\n\t<meta name=\"twitter:data1\" content=\"1\u00a0Minute\" \/>\n<script type=\"application\/ld+json\" class=\"yoast-schema-graph\">{\"@context\":\"https:\/\/schema.org\",\"@graph\":[{\"@type\":\"WebPage\",\"@id\":\"https:\/\/www.gavit.net\/de\/product\/goldanhaenger-pyramid\/\",\"url\":\"https:\/\/www.gavit.net\/de\/product\/goldanhaenger-pyramid\/\",\"name\":\"Goldanh\u00e4nger \\\"PYRAMID\\\" - GAVIT\",\"isPartOf\":{\"@id\":\"https:\/\/www.gavit.net\/en\/#website\"},\"primaryImageOfPage\":{\"@id\":\"https:\/\/www.gavit.net\/de\/product\/goldanhaenger-pyramid\/#primaryimage\"},\"image\":{\"@id\":\"https:\/\/www.gavit.net\/de\/product\/goldanhaenger-pyramid\/#primaryimage\"},\"thumbnailUrl\":\"https:\/\/www.gavit.net\/wp-content\/uploads\/2022\/05\/gold-pendant-pyramid-gavit-zoom.jpg\",\"datePublished\":\"2022-05-07T15:03:11+00:00\",\"dateModified\":\"2023-03-17T17:56:42+00:00\",\"breadcrumb\":{\"@id\":\"https:\/\/www.gavit.net\/de\/product\/goldanhaenger-pyramid\/#breadcrumb\"},\"inLanguage\":\"de\",\"potentialAction\":[{\"@type\":\"ReadAction\",\"target\":[\"https:\/\/www.gavit.net\/de\/product\/goldanhaenger-pyramid\/\"]}]},{\"@type\":\"ImageObject\",\"inLanguage\":\"de\",\"@id\":\"https:\/\/www.gavit.net\/de\/product\/goldanhaenger-pyramid\/#primaryimage\",\"url\":\"https:\/\/www.gavit.net\/wp-content\/uploads\/2022\/05\/gold-pendant-pyramid-gavit-zoom.jpg\",\"contentUrl\":\"https:\/\/www.gavit.net\/wp-content\/uploads\/2022\/05\/gold-pendant-pyramid-gavit-zoom.jpg\",\"width\":1200,\"height\":1500},{\"@type\":\"BreadcrumbList\",\"@id\":\"https:\/\/www.gavit.net\/de\/product\/goldanhaenger-pyramid\/#breadcrumb\",\"itemListElement\":[{\"@type\":\"ListItem\",\"position\":1,\"name\":\"Home\",\"item\":\"https:\/\/www.gavit.net\/de\/\"},{\"@type\":\"ListItem\",\"position\":2,\"name\":\"Shop\",\"item\":\"https:\/\/www.gavit.net\/de\/shop\/\"},{\"@type\":\"ListItem\",\"position\":3,\"name\":\"Goldanh\u00e4nger &#8220;PYRAMID&#8221;\"}]},{\"@type\":\"WebSite\",\"@id\":\"https:\/\/www.gavit.net\/en\/#website\",\"url\":\"https:\/\/www.gavit.net\/en\/\",\"name\":\"GAVIT\",\"description\":\"Unique gold jewelry of a special kind\",\"potentialAction\":[{\"@type\":\"SearchAction\",\"target\":{\"@type\":\"EntryPoint\",\"urlTemplate\":\"https:\/\/www.gavit.net\/en\/?s={search_term_string}\"},\"query-input\":{\"@type\":\"PropertyValueSpecification\",\"valueRequired\":true,\"valueName\":\"search_term_string\"}}],\"inLanguage\":\"de\"}]}<\/script>\n<!-- \/ Yoast SEO plugin. -->","yoast_head_json":{"title":"Goldanh\u00e4nger \"PYRAMID\" - GAVIT","robots":{"index":"index","follow":"follow","max-snippet":"max-snippet:-1","max-image-preview":"max-image-preview:large","max-video-preview":"max-video-preview:-1"},"canonical":"https:\/\/www.gavit.net\/de\/product\/goldanhaenger-pyramid\/","og_locale":"de_DE","og_type":"article","og_title":"Goldanh\u00e4nger \"PYRAMID\" - GAVIT","og_description":"Die Inspiration f\u00fcr das Design dieses Anh\u00e4ngers stammt aus der reichen Tradition der armenischen Teppichkunst. Die einzigartigen Muster und Farbkombinationen wurden geschickt in das Design integriert, um ein Kunstwerk zu schaffen, das sowohl traditionell als auch modern ist.    Marke Gawit   Material 18 Karat Gold, Emaille   Farbe Gelb, Wei\u00df   Gr\u00f6\u00dfe 19 x 18 x 6 mm   Stein Diamanten 0,13 Karat   Diamantfarbe Wei\u00df   Diamantqualit\u00e4t VVS2   Anzahl Diamanten 6","og_url":"https:\/\/www.gavit.net\/de\/product\/goldanhaenger-pyramid\/","og_site_name":"GAVIT","article_modified_time":"2023-03-17T17:56:42+00:00","og_image":[{"width":1200,"height":1500,"url":"https:\/\/www.gavit.net\/wp-content\/uploads\/2022\/05\/gold-pendant-pyramid-gavit-zoom.jpg","type":"image\/jpeg"}],"twitter_card":"summary_large_image","twitter_misc":{"Gesch\u00e4tzte Lesezeit":"1\u00a0Minute"},"schema":{"@context":"https:\/\/schema.org","@graph":[{"@type":"WebPage","@id":"https:\/\/www.gavit.net\/de\/product\/goldanhaenger-pyramid\/","url":"https:\/\/www.gavit.net\/de\/product\/goldanhaenger-pyramid\/","name":"Goldanh\u00e4nger \"PYRAMID\" - GAVIT","isPartOf":{"@id":"https:\/\/www.gavit.net\/en\/#website"},"primaryImageOfPage":{"@id":"https:\/\/www.gavit.net\/de\/product\/goldanhaenger-pyramid\/#primaryimage"},"image":{"@id":"https:\/\/www.gavit.net\/de\/product\/goldanhaenger-pyramid\/#primaryimage"},"thumbnailUrl":"https:\/\/www.gavit.net\/wp-content\/uploads\/2022\/05\/gold-pendant-pyramid-gavit-zoom.jpg","datePublished":"2022-05-07T15:03:11+00:00","dateModified":"2023-03-17T17:56:42+00:00","breadcrumb":{"@id":"https:\/\/www.gavit.net\/de\/product\/goldanhaenger-pyramid\/#breadcrumb"},"inLanguage":"de","potentialAction":[{"@type":"ReadAction","target":["https:\/\/www.gavit.net\/de\/product\/goldanhaenger-pyramid\/"]}]},{"@type":"ImageObject","inLanguage":"de","@id":"https:\/\/www.gavit.net\/de\/product\/goldanhaenger-pyramid\/#primaryimage","url":"https:\/\/www.gavit.net\/wp-content\/uploads\/2022\/05\/gold-pendant-pyramid-gavit-zoom.jpg","contentUrl":"https:\/\/www.gavit.net\/wp-content\/uploads\/2022\/05\/gold-pendant-pyramid-gavit-zoom.jpg","width":1200,"height":1500},{"@type":"BreadcrumbList","@id":"https:\/\/www.gavit.net\/de\/product\/goldanhaenger-pyramid\/#breadcrumb","itemListElement":[{"@type":"ListItem","position":1,"name":"Home","item":"https:\/\/www.gavit.net\/de\/"},{"@type":"ListItem","position":2,"name":"Shop","item":"https:\/\/www.gavit.net\/de\/shop\/"},{"@type":"ListItem","position":3,"name":"Goldanh\u00e4nger &#8220;PYRAMID&#8221;"}]},{"@type":"WebSite","@id":"https:\/\/www.gavit.net\/en\/#website","url":"https:\/\/www.gavit.net\/en\/","name":"GAVIT","description":"Unique gold jewelry of a special kind","potentialAction":[{"@type":"SearchAction","target":{"@type":"EntryPoint","urlTemplate":"https:\/\/www.gavit.net\/en\/?s={search_term_string}"},"query-input":{"@type":"PropertyValueSpecification","valueRequired":true,"valueName":"search_term_string"}}],"inLanguage":"de"}]}},"_links":{"self":[{"href":"https:\/\/www.gavit.net\/de\/wp-json\/wp\/v2\/product\/1586","targetHints":{"allow":["GET"]}}],"collection":[{"href":"https:\/\/www.gavit.net\/de\/wp-json\/wp\/v2\/product"}],"about":[{"href":"https:\/\/www.gavit.net\/de\/wp-json\/wp\/v2\/types\/product"}],"replies":[{"embeddable":true,"href":"https:\/\/www.gavit.net\/de\/wp-json\/wp\/v2\/comments?post=1586"}],"wp:featuredmedia":[{"embeddable":true,"href":"https:\/\/www.gavit.net\/de\/wp-json\/wp\/v2\/media\/1491"}],"wp:attachment":[{"href":"https:\/\/www.gavit.net\/de\/wp-json\/wp\/v2\/media?parent=1586"}],"wp:term":[{"taxonomy":"product_brand","embeddable":true,"href":"https:\/\/www.gavit.net\/de\/wp-json\/wp\/v2\/product_brand?post=1586"},{"taxonomy":"product_cat","embeddable":true,"href":"https:\/\/www.gavit.net\/de\/wp-json\/wp\/v2\/product_cat?post=1586"},{"taxonomy":"product_tag","embeddable":true,"href":"https:\/\/www.gavit.net\/de\/wp-json\/wp\/v2\/product_tag?post=1586"}],"curies":[{"name":"wp","href":"https:\/\/api.w.org\/{rel}","templated":true}]}}