{"id":1660,"date":"2023-03-08T20:07:24","date_gmt":"2023-03-08T16:07:24","guid":{"rendered":"https:\/\/www.gavit.net\/product\/cold-black-silver-pendant-gavit\/"},"modified":"2023-03-18T20:28:14","modified_gmt":"2023-03-18T16:28:14","slug":"silberanhaenger-cold-black-gavit","status":"publish","type":"product","link":"https:\/\/www.gavit.net\/de\/product\/silberanhaenger-cold-black-gavit\/","title":{"rendered":"Silberanh\u00e4nger \u201eCold black\u201c &#8211; GAVIT"},"content":{"rendered":"<div class=\"wpb-content-wrapper\"><p>[vc_row el_class=&#8220;white-area&#8220;][vc_column]                <div class=\"vc-custom-slider-holder\">\n\t                                    <div class=\"images-slider-holder desktop-one-product tablet-one-product mobile-one-product\"\n                         data-desktop-count=\"1\"\n                         data-mobile-count=\"1\"\n                         data-tablet-count=\"1\"\n                         data-pagination=\"true\"\n                         data-autoplay=\"true\" data-controls=\"true\"\n                         data-slideby=\"page\" data-animation=\"3000\"\n                         data-slidespeed=\"7000\" data-fade=\"gallery\"\n                         data-space=\"0\">\n\t\t\t\t\t\t                            <div class=\"vc-image-slide-item\">\n                                <div class=\"inner-holder\">\n                                    <a class=\"image-holder\" >\n\t\t\t\t\t\t\t\t\t\t<img loading=\"lazy\" decoding=\"async\" width=\"1200\" height=\"600\" src=\"https:\/\/www.gavit.net\/wp-content\/uploads\/2021\/11\/gavit-brand-1200-600.jpg\" class=\"attachment-full size-full\" alt=\"\" title=\"gavit-brand-1200-600\" srcset=\"https:\/\/www.gavit.net\/wp-content\/uploads\/2021\/11\/gavit-brand-1200-600.jpg 1200w, https:\/\/www.gavit.net\/wp-content\/uploads\/2021\/11\/gavit-brand-1200-600-600x300.jpg 600w, https:\/\/www.gavit.net\/wp-content\/uploads\/2021\/11\/gavit-brand-1200-600-300x150.jpg 300w, https:\/\/www.gavit.net\/wp-content\/uploads\/2021\/11\/gavit-brand-1200-600-1024x512.jpg 1024w, https:\/\/www.gavit.net\/wp-content\/uploads\/2021\/11\/gavit-brand-1200-600-768x384.jpg 768w\" sizes=\"auto, (max-width: 1200px) 100vw, 1200px\" \/>                                    <\/a>\n\t\t\t\t\t\t\t\t\t                                <\/div>\n                            <\/div>\n\t\t\t\t\t\t                            <div class=\"vc-image-slide-item\">\n                                <div class=\"inner-holder\">\n                                    <a class=\"image-holder\" >\n\t\t\t\t\t\t\t\t\t\t<img loading=\"lazy\" decoding=\"async\" width=\"1200\" height=\"600\" src=\"https:\/\/www.gavit.net\/wp-content\/uploads\/2021\/11\/gavit-cover-foto-1200-600.jpg\" class=\"attachment-full size-full\" alt=\"\" title=\"gavit-cover-foto-1200-600\" srcset=\"https:\/\/www.gavit.net\/wp-content\/uploads\/2021\/11\/gavit-cover-foto-1200-600.jpg 1200w, https:\/\/www.gavit.net\/wp-content\/uploads\/2021\/11\/gavit-cover-foto-1200-600-600x300.jpg 600w, https:\/\/www.gavit.net\/wp-content\/uploads\/2021\/11\/gavit-cover-foto-1200-600-300x150.jpg 300w, https:\/\/www.gavit.net\/wp-content\/uploads\/2021\/11\/gavit-cover-foto-1200-600-1024x512.jpg 1024w, https:\/\/www.gavit.net\/wp-content\/uploads\/2021\/11\/gavit-cover-foto-1200-600-768x384.jpg 768w\" sizes=\"auto, (max-width: 1200px) 100vw, 1200px\" \/>                                    <\/a>\n\t\t\t\t\t\t\t\t\t                                <\/div>\n                            <\/div>\n\t\t\t\t\t\t                    <\/div>\n                <\/div>\n\t\t\t[\/vc_column][\/vc_row]<\/p>\n<\/div>","protected":false},"excerpt":{"rendered":"<p>Dieser Anh\u00e4nger ist ideal f\u00fcr Frauen, die hohe Anspr\u00fcche an <strong>Qualit\u00e4t und exklusives Design<\/strong> stellen. Der glatte, bearbeitete <strong>Onyx<\/strong> in tiefem Schwarz, der von einem einzigartigen silbernen Rahmen umgeben ist, verleiht dem Anh\u00e4nger ein unverwechselbares Aussehen mit mystischer Bedeutung.<\/p>\n<p>Der Onyx gilt als Stein der F\u00fchrer und Strategen und wurde bereits in der Antike f\u00fcr Schmuckst\u00fccke verwendet, die als <strong>Gl\u00fccksbringer<\/strong> getragen wurden.<\/p>\n<table>\n<tbody>\n<tr>\n<td>Marke<\/td>\n<td>Gavit<\/td>\n<\/tr>\n<tr>\n<td>Material<\/td>\n<td>925er Silber<\/td>\n<\/tr>\n<tr>\n<td>Farbe<\/td>\n<td>Silber, Schwarz<\/td>\n<\/tr>\n<tr>\n<td>Gr\u00f6\u00dfe<\/td>\n<td>&#8211;<\/td>\n<\/tr>\n<tr>\n<td>Stein<\/td>\n<td>Onyx<\/td>\n<\/tr>\n<tr>\n<td>Steinfarbe<\/td>\n<td>Schwarz<\/td>\n<\/tr>\n<tr>\n<td>Steinmenge<\/td>\n<td>1<\/td>\n<\/tr>\n<\/tbody>\n<\/table>\n","protected":false},"featured_media":1549,"comment_status":"open","ping_status":"closed","template":"","meta":[],"product_brand":[],"product_cat":[58],"product_tag":[],"class_list":{"0":"post-1660","1":"product","2":"type-product","3":"status-publish","4":"has-post-thumbnail","6":"product_cat-cold-black-silberkollektion","8":"first","9":"instock","10":"shipping-taxable","11":"purchasable","12":"product-type-simple"},"yoast_head":"<!-- This site is optimized with the Yoast SEO plugin v27.2 - https:\/\/yoast.com\/product\/yoast-seo-wordpress\/ -->\n<title>Silberanh\u00e4nger \u201eCold black\u201c - GAVIT - Silver Collection<\/title>\n<meta name=\"robots\" content=\"index, follow, max-snippet:-1, max-image-preview:large, max-video-preview:-1\" \/>\n<link rel=\"canonical\" href=\"https:\/\/www.gavit.net\/de\/product\/silberanhaenger-cold-black-gavit\/\" \/>\n<meta property=\"og:locale\" content=\"de_DE\" \/>\n<meta property=\"og:type\" content=\"article\" \/>\n<meta property=\"og:title\" content=\"Silberanh\u00e4nger \u201eCold black\u201c - GAVIT - Silver Collection\" \/>\n<meta property=\"og:description\" content=\"Dieser Anh\u00e4nger ist ideal f\u00fcr Frauen, die hohe Anspr\u00fcche an Qualit\u00e4t und exklusives Design stellen. Der glatte, bearbeitete Onyx in tiefem Schwarz, der von einem einzigartigen silbernen Rahmen umgeben ist, verleiht dem Anh\u00e4nger ein unverwechselbares Aussehen mit mystischer Bedeutung.  Der Onyx gilt als Stein der F\u00fchrer und Strategen und wurde bereits in der Antike f\u00fcr Schmuckst\u00fccke verwendet, die als Gl\u00fccksbringer getragen wurden.    Marke Gavit   Material 925er Silber   Farbe Silber, Schwarz   Gr\u00f6\u00dfe -   Stein Onyx   Steinfarbe Schwarz   Steinmenge 1\" \/>\n<meta property=\"og:url\" content=\"https:\/\/www.gavit.net\/de\/product\/silberanhaenger-cold-black-gavit\/\" \/>\n<meta property=\"og:site_name\" content=\"GAVIT\" \/>\n<meta property=\"article:modified_time\" content=\"2023-03-18T16:28:14+00:00\" \/>\n<meta property=\"og:image\" content=\"https:\/\/www.gavit.net\/wp-content\/uploads\/2023\/03\/gavit-cold-black-ring-pendant-1.jpg\" \/>\n\t<meta property=\"og:image:width\" content=\"1200\" \/>\n\t<meta property=\"og:image:height\" content=\"1500\" \/>\n\t<meta property=\"og:image:type\" content=\"image\/jpeg\" \/>\n<meta name=\"twitter:card\" content=\"summary_large_image\" \/>\n<meta name=\"twitter:label1\" content=\"Gesch\u00e4tzte Lesezeit\" \/>\n\t<meta name=\"twitter:data1\" content=\"1\u00a0Minute\" \/>\n<script type=\"application\/ld+json\" class=\"yoast-schema-graph\">{\"@context\":\"https:\/\/schema.org\",\"@graph\":[{\"@type\":\"WebPage\",\"@id\":\"https:\/\/www.gavit.net\/de\/product\/silberanhaenger-cold-black-gavit\/\",\"url\":\"https:\/\/www.gavit.net\/de\/product\/silberanhaenger-cold-black-gavit\/\",\"name\":\"Silberanh\u00e4nger \u201eCold black\u201c - GAVIT - Silver Collection\",\"isPartOf\":{\"@id\":\"https:\/\/www.gavit.net\/en\/#website\"},\"primaryImageOfPage\":{\"@id\":\"https:\/\/www.gavit.net\/de\/product\/silberanhaenger-cold-black-gavit\/#primaryimage\"},\"image\":{\"@id\":\"https:\/\/www.gavit.net\/de\/product\/silberanhaenger-cold-black-gavit\/#primaryimage\"},\"thumbnailUrl\":\"https:\/\/www.gavit.net\/wp-content\/uploads\/2023\/03\/gavit-cold-black-ring-pendant-1.jpg\",\"datePublished\":\"2023-03-08T16:07:24+00:00\",\"dateModified\":\"2023-03-18T16:28:14+00:00\",\"breadcrumb\":{\"@id\":\"https:\/\/www.gavit.net\/de\/product\/silberanhaenger-cold-black-gavit\/#breadcrumb\"},\"inLanguage\":\"de\",\"potentialAction\":[{\"@type\":\"ReadAction\",\"target\":[\"https:\/\/www.gavit.net\/de\/product\/silberanhaenger-cold-black-gavit\/\"]}]},{\"@type\":\"ImageObject\",\"inLanguage\":\"de\",\"@id\":\"https:\/\/www.gavit.net\/de\/product\/silberanhaenger-cold-black-gavit\/#primaryimage\",\"url\":\"https:\/\/www.gavit.net\/wp-content\/uploads\/2023\/03\/gavit-cold-black-ring-pendant-1.jpg\",\"contentUrl\":\"https:\/\/www.gavit.net\/wp-content\/uploads\/2023\/03\/gavit-cold-black-ring-pendant-1.jpg\",\"width\":1200,\"height\":1500},{\"@type\":\"BreadcrumbList\",\"@id\":\"https:\/\/www.gavit.net\/de\/product\/silberanhaenger-cold-black-gavit\/#breadcrumb\",\"itemListElement\":[{\"@type\":\"ListItem\",\"position\":1,\"name\":\"Home\",\"item\":\"https:\/\/www.gavit.net\/de\/\"},{\"@type\":\"ListItem\",\"position\":2,\"name\":\"Shop\",\"item\":\"https:\/\/www.gavit.net\/de\/shop\/\"},{\"@type\":\"ListItem\",\"position\":3,\"name\":\"Silberanh\u00e4nger \u201eCold black\u201c &#8211; GAVIT\"}]},{\"@type\":\"WebSite\",\"@id\":\"https:\/\/www.gavit.net\/en\/#website\",\"url\":\"https:\/\/www.gavit.net\/en\/\",\"name\":\"GAVIT\",\"description\":\"Unique gold jewelry of a special kind\",\"potentialAction\":[{\"@type\":\"SearchAction\",\"target\":{\"@type\":\"EntryPoint\",\"urlTemplate\":\"https:\/\/www.gavit.net\/en\/?s={search_term_string}\"},\"query-input\":{\"@type\":\"PropertyValueSpecification\",\"valueRequired\":true,\"valueName\":\"search_term_string\"}}],\"inLanguage\":\"de\"}]}<\/script>\n<!-- \/ Yoast SEO plugin. -->","yoast_head_json":{"title":"Silberanh\u00e4nger \u201eCold black\u201c - GAVIT - Silver Collection","robots":{"index":"index","follow":"follow","max-snippet":"max-snippet:-1","max-image-preview":"max-image-preview:large","max-video-preview":"max-video-preview:-1"},"canonical":"https:\/\/www.gavit.net\/de\/product\/silberanhaenger-cold-black-gavit\/","og_locale":"de_DE","og_type":"article","og_title":"Silberanh\u00e4nger \u201eCold black\u201c - GAVIT - Silver Collection","og_description":"Dieser Anh\u00e4nger ist ideal f\u00fcr Frauen, die hohe Anspr\u00fcche an Qualit\u00e4t und exklusives Design stellen. Der glatte, bearbeitete Onyx in tiefem Schwarz, der von einem einzigartigen silbernen Rahmen umgeben ist, verleiht dem Anh\u00e4nger ein unverwechselbares Aussehen mit mystischer Bedeutung.  Der Onyx gilt als Stein der F\u00fchrer und Strategen und wurde bereits in der Antike f\u00fcr Schmuckst\u00fccke verwendet, die als Gl\u00fccksbringer getragen wurden.    Marke Gavit   Material 925er Silber   Farbe Silber, Schwarz   Gr\u00f6\u00dfe -   Stein Onyx   Steinfarbe Schwarz   Steinmenge 1","og_url":"https:\/\/www.gavit.net\/de\/product\/silberanhaenger-cold-black-gavit\/","og_site_name":"GAVIT","article_modified_time":"2023-03-18T16:28:14+00:00","og_image":[{"width":1200,"height":1500,"url":"https:\/\/www.gavit.net\/wp-content\/uploads\/2023\/03\/gavit-cold-black-ring-pendant-1.jpg","type":"image\/jpeg"}],"twitter_card":"summary_large_image","twitter_misc":{"Gesch\u00e4tzte Lesezeit":"1\u00a0Minute"},"schema":{"@context":"https:\/\/schema.org","@graph":[{"@type":"WebPage","@id":"https:\/\/www.gavit.net\/de\/product\/silberanhaenger-cold-black-gavit\/","url":"https:\/\/www.gavit.net\/de\/product\/silberanhaenger-cold-black-gavit\/","name":"Silberanh\u00e4nger \u201eCold black\u201c - GAVIT - Silver Collection","isPartOf":{"@id":"https:\/\/www.gavit.net\/en\/#website"},"primaryImageOfPage":{"@id":"https:\/\/www.gavit.net\/de\/product\/silberanhaenger-cold-black-gavit\/#primaryimage"},"image":{"@id":"https:\/\/www.gavit.net\/de\/product\/silberanhaenger-cold-black-gavit\/#primaryimage"},"thumbnailUrl":"https:\/\/www.gavit.net\/wp-content\/uploads\/2023\/03\/gavit-cold-black-ring-pendant-1.jpg","datePublished":"2023-03-08T16:07:24+00:00","dateModified":"2023-03-18T16:28:14+00:00","breadcrumb":{"@id":"https:\/\/www.gavit.net\/de\/product\/silberanhaenger-cold-black-gavit\/#breadcrumb"},"inLanguage":"de","potentialAction":[{"@type":"ReadAction","target":["https:\/\/www.gavit.net\/de\/product\/silberanhaenger-cold-black-gavit\/"]}]},{"@type":"ImageObject","inLanguage":"de","@id":"https:\/\/www.gavit.net\/de\/product\/silberanhaenger-cold-black-gavit\/#primaryimage","url":"https:\/\/www.gavit.net\/wp-content\/uploads\/2023\/03\/gavit-cold-black-ring-pendant-1.jpg","contentUrl":"https:\/\/www.gavit.net\/wp-content\/uploads\/2023\/03\/gavit-cold-black-ring-pendant-1.jpg","width":1200,"height":1500},{"@type":"BreadcrumbList","@id":"https:\/\/www.gavit.net\/de\/product\/silberanhaenger-cold-black-gavit\/#breadcrumb","itemListElement":[{"@type":"ListItem","position":1,"name":"Home","item":"https:\/\/www.gavit.net\/de\/"},{"@type":"ListItem","position":2,"name":"Shop","item":"https:\/\/www.gavit.net\/de\/shop\/"},{"@type":"ListItem","position":3,"name":"Silberanh\u00e4nger \u201eCold black\u201c &#8211; GAVIT"}]},{"@type":"WebSite","@id":"https:\/\/www.gavit.net\/en\/#website","url":"https:\/\/www.gavit.net\/en\/","name":"GAVIT","description":"Unique gold jewelry of a special kind","potentialAction":[{"@type":"SearchAction","target":{"@type":"EntryPoint","urlTemplate":"https:\/\/www.gavit.net\/en\/?s={search_term_string}"},"query-input":{"@type":"PropertyValueSpecification","valueRequired":true,"valueName":"search_term_string"}}],"inLanguage":"de"}]}},"_links":{"self":[{"href":"https:\/\/www.gavit.net\/de\/wp-json\/wp\/v2\/product\/1660","targetHints":{"allow":["GET"]}}],"collection":[{"href":"https:\/\/www.gavit.net\/de\/wp-json\/wp\/v2\/product"}],"about":[{"href":"https:\/\/www.gavit.net\/de\/wp-json\/wp\/v2\/types\/product"}],"replies":[{"embeddable":true,"href":"https:\/\/www.gavit.net\/de\/wp-json\/wp\/v2\/comments?post=1660"}],"wp:featuredmedia":[{"embeddable":true,"href":"https:\/\/www.gavit.net\/de\/wp-json\/wp\/v2\/media\/1549"}],"wp:attachment":[{"href":"https:\/\/www.gavit.net\/de\/wp-json\/wp\/v2\/media?parent=1660"}],"wp:term":[{"taxonomy":"product_brand","embeddable":true,"href":"https:\/\/www.gavit.net\/de\/wp-json\/wp\/v2\/product_brand?post=1660"},{"taxonomy":"product_cat","embeddable":true,"href":"https:\/\/www.gavit.net\/de\/wp-json\/wp\/v2\/product_cat?post=1660"},{"taxonomy":"product_tag","embeddable":true,"href":"https:\/\/www.gavit.net\/de\/wp-json\/wp\/v2\/product_tag?post=1660"}],"curies":[{"name":"wp","href":"https:\/\/api.w.org\/{rel}","templated":true}]}}