{"id":1666,"date":"2022-05-07T19:28:33","date_gmt":"2022-05-07T15:28:33","guid":{"rendered":"https:\/\/www.gavit.net\/product\/goldring-with-diamonds\/"},"modified":"2023-03-17T23:20:36","modified_gmt":"2023-03-17T19:20:36","slug":"goldring-mit-diamanten","status":"publish","type":"product","link":"https:\/\/www.gavit.net\/de\/product\/goldring-mit-diamanten\/","title":{"rendered":"Goldring mit Diamanten"},"content":{"rendered":"<div class=\"wpb-content-wrapper\"><p>[vc_row el_class=&#8220;white-area&#8220;][vc_column]                <div class=\"vc-custom-slider-holder\">\n\t                                    <div class=\"images-slider-holder desktop-one-product tablet-one-product mobile-one-product\"\n                         data-desktop-count=\"1\"\n                         data-mobile-count=\"1\"\n                         data-tablet-count=\"1\"\n                         data-pagination=\"true\"\n                         data-autoplay=\"true\" data-controls=\"true\"\n                         data-slideby=\"page\" data-animation=\"3000\"\n                         data-slidespeed=\"7000\" data-fade=\"gallery\"\n                         data-space=\"0\">\n\t\t\t\t\t\t                            <div class=\"vc-image-slide-item\">\n                                <div class=\"inner-holder\">\n                                    <a class=\"image-holder\" >\n\t\t\t\t\t\t\t\t\t\t<img loading=\"lazy\" decoding=\"async\" width=\"1200\" height=\"600\" src=\"https:\/\/www.gavit.net\/wp-content\/uploads\/2021\/11\/gavit-brand-1200-600.jpg\" class=\"attachment-full size-full\" alt=\"\" title=\"gavit-brand-1200-600\" srcset=\"https:\/\/www.gavit.net\/wp-content\/uploads\/2021\/11\/gavit-brand-1200-600.jpg 1200w, https:\/\/www.gavit.net\/wp-content\/uploads\/2021\/11\/gavit-brand-1200-600-600x300.jpg 600w, https:\/\/www.gavit.net\/wp-content\/uploads\/2021\/11\/gavit-brand-1200-600-300x150.jpg 300w, https:\/\/www.gavit.net\/wp-content\/uploads\/2021\/11\/gavit-brand-1200-600-1024x512.jpg 1024w, https:\/\/www.gavit.net\/wp-content\/uploads\/2021\/11\/gavit-brand-1200-600-768x384.jpg 768w\" sizes=\"auto, (max-width: 1200px) 100vw, 1200px\" \/>                                    <\/a>\n\t\t\t\t\t\t\t\t\t                                <\/div>\n                            <\/div>\n\t\t\t\t\t\t                            <div class=\"vc-image-slide-item\">\n                                <div class=\"inner-holder\">\n                                    <a class=\"image-holder\" >\n\t\t\t\t\t\t\t\t\t\t<img loading=\"lazy\" decoding=\"async\" width=\"1200\" height=\"600\" src=\"https:\/\/www.gavit.net\/wp-content\/uploads\/2021\/11\/gavit-cover-foto-1200-600.jpg\" class=\"attachment-full size-full\" alt=\"\" title=\"gavit-cover-foto-1200-600\" srcset=\"https:\/\/www.gavit.net\/wp-content\/uploads\/2021\/11\/gavit-cover-foto-1200-600.jpg 1200w, https:\/\/www.gavit.net\/wp-content\/uploads\/2021\/11\/gavit-cover-foto-1200-600-600x300.jpg 600w, https:\/\/www.gavit.net\/wp-content\/uploads\/2021\/11\/gavit-cover-foto-1200-600-300x150.jpg 300w, https:\/\/www.gavit.net\/wp-content\/uploads\/2021\/11\/gavit-cover-foto-1200-600-1024x512.jpg 1024w, https:\/\/www.gavit.net\/wp-content\/uploads\/2021\/11\/gavit-cover-foto-1200-600-768x384.jpg 768w\" sizes=\"auto, (max-width: 1200px) 100vw, 1200px\" \/>                                    <\/a>\n\t\t\t\t\t\t\t\t\t                                <\/div>\n                            <\/div>\n\t\t\t\t\t\t                    <\/div>\n                <\/div>\n\t\t\t[\/vc_column][\/vc_row]<\/p>\n<\/div>","protected":false},"excerpt":{"rendered":"<p>Hergestellt aus Gold und mit sorgf\u00e4ltig ausgew\u00e4hlten Diamanten, ist dieser Ring ein wahrhaft edles Accessoire. Dank seiner zeitlosen Sch\u00f6nheit und Langlebigkeit wird dieser Ring zu einem wertvollen Familienerbst\u00fcck, das von Generation zu Generation weitergegeben werden kann. Ob als Verlobungsring, Geschenk f\u00fcr einen besonderen Anlass oder als pers\u00f6nliches Schmuckst\u00fcck.<\/p>\n<p>Der luxuri\u00f6se Ring eignet sich sowohl zum alleinigen Tragen als auch in Kombination mit anderen Ringen.<\/p>\n<table>\n<tbody>\n<tr>\n<td>Marke<\/td>\n<td>Gavit<\/td>\n<\/tr>\n<tr>\n<td>Material<\/td>\n<td>18 Karat Gold<\/td>\n<\/tr>\n<tr>\n<td>Farbe<\/td>\n<td>Wei\u00df<\/td>\n<\/tr>\n<tr>\n<td>Gr\u00f6\u00dfe<\/td>\n<td>US 5 &#8211; 13 \/ EU 15,6 &#8211; 22,2 mm<\/td>\n<\/tr>\n<tr>\n<td>Stein<\/td>\n<td>0,36 Karat Diamanten<\/td>\n<\/tr>\n<tr>\n<td>Diamantfarbe<\/td>\n<td>Wei\u00df<\/td>\n<\/tr>\n<tr>\n<td>Diamantqualit\u00e4t<\/td>\n<td>VVS2<\/td>\n<\/tr>\n<tr>\n<td>Diamantmenge<\/td>\n<td>12 x 0,03 Karat<\/td>\n<\/tr>\n<\/tbody>\n<\/table>\n","protected":false},"featured_media":1493,"comment_status":"open","ping_status":"closed","template":"","meta":[],"product_brand":[],"product_cat":[56,57],"product_tag":[],"class_list":{"0":"post-1666","1":"product","2":"type-product","3":"status-publish","4":"has-post-thumbnail","6":"product_cat-castle-gold-kollektion","7":"product_cat-diamantschmuck","9":"first","10":"instock","11":"shipping-taxable","12":"purchasable","13":"product-type-simple"},"yoast_head":"<!-- This site is optimized with the Yoast SEO plugin v27.2 - https:\/\/yoast.com\/product\/yoast-seo-wordpress\/ -->\n<title>Goldring mit Diamanten - GAVIT<\/title>\n<meta name=\"robots\" content=\"index, follow, max-snippet:-1, max-image-preview:large, max-video-preview:-1\" \/>\n<link rel=\"canonical\" href=\"https:\/\/www.gavit.net\/de\/product\/goldring-mit-diamanten\/\" \/>\n<meta property=\"og:locale\" content=\"de_DE\" \/>\n<meta property=\"og:type\" content=\"article\" \/>\n<meta property=\"og:title\" content=\"Goldring mit Diamanten - GAVIT\" \/>\n<meta property=\"og:description\" content=\"Hergestellt aus Gold und mit sorgf\u00e4ltig ausgew\u00e4hlten Diamanten, ist dieser Ring ein wahrhaft edles Accessoire. Dank seiner zeitlosen Sch\u00f6nheit und Langlebigkeit wird dieser Ring zu einem wertvollen Familienerbst\u00fcck, das von Generation zu Generation weitergegeben werden kann. Ob als Verlobungsring, Geschenk f\u00fcr einen besonderen Anlass oder als pers\u00f6nliches Schmuckst\u00fcck.  Der luxuri\u00f6se Ring eignet sich sowohl zum alleinigen Tragen als auch in Kombination mit anderen Ringen.    Marke Gavit   Material 18 Karat Gold   Farbe Wei\u00df   Gr\u00f6\u00dfe US 5 - 13 \/ EU 15,6 - 22,2 mm   Stein 0,36 Karat Diamanten   Diamantfarbe Wei\u00df   Diamantqualit\u00e4t VVS2   Diamantmenge 12 x 0,03 Karat\" \/>\n<meta property=\"og:url\" content=\"https:\/\/www.gavit.net\/de\/product\/goldring-mit-diamanten\/\" \/>\n<meta property=\"og:site_name\" content=\"GAVIT\" \/>\n<meta property=\"article:modified_time\" content=\"2023-03-17T19:20:36+00:00\" \/>\n<meta property=\"og:image\" content=\"https:\/\/www.gavit.net\/wp-content\/uploads\/2022\/05\/goldring-with-diamonds-gavit-zoom.jpg\" \/>\n\t<meta property=\"og:image:width\" content=\"1200\" \/>\n\t<meta property=\"og:image:height\" content=\"1500\" \/>\n\t<meta property=\"og:image:type\" content=\"image\/jpeg\" \/>\n<meta name=\"twitter:card\" content=\"summary_large_image\" \/>\n<meta name=\"twitter:label1\" content=\"Gesch\u00e4tzte Lesezeit\" \/>\n\t<meta name=\"twitter:data1\" content=\"1\u00a0Minute\" \/>\n<script type=\"application\/ld+json\" class=\"yoast-schema-graph\">{\"@context\":\"https:\/\/schema.org\",\"@graph\":[{\"@type\":\"WebPage\",\"@id\":\"https:\/\/www.gavit.net\/de\/product\/goldring-mit-diamanten\/\",\"url\":\"https:\/\/www.gavit.net\/de\/product\/goldring-mit-diamanten\/\",\"name\":\"Goldring mit Diamanten - GAVIT\",\"isPartOf\":{\"@id\":\"https:\/\/www.gavit.net\/en\/#website\"},\"primaryImageOfPage\":{\"@id\":\"https:\/\/www.gavit.net\/de\/product\/goldring-mit-diamanten\/#primaryimage\"},\"image\":{\"@id\":\"https:\/\/www.gavit.net\/de\/product\/goldring-mit-diamanten\/#primaryimage\"},\"thumbnailUrl\":\"https:\/\/www.gavit.net\/wp-content\/uploads\/2022\/05\/goldring-with-diamonds-gavit-zoom.jpg\",\"datePublished\":\"2022-05-07T15:28:33+00:00\",\"dateModified\":\"2023-03-17T19:20:36+00:00\",\"breadcrumb\":{\"@id\":\"https:\/\/www.gavit.net\/de\/product\/goldring-mit-diamanten\/#breadcrumb\"},\"inLanguage\":\"de\",\"potentialAction\":[{\"@type\":\"ReadAction\",\"target\":[\"https:\/\/www.gavit.net\/de\/product\/goldring-mit-diamanten\/\"]}]},{\"@type\":\"ImageObject\",\"inLanguage\":\"de\",\"@id\":\"https:\/\/www.gavit.net\/de\/product\/goldring-mit-diamanten\/#primaryimage\",\"url\":\"https:\/\/www.gavit.net\/wp-content\/uploads\/2022\/05\/goldring-with-diamonds-gavit-zoom.jpg\",\"contentUrl\":\"https:\/\/www.gavit.net\/wp-content\/uploads\/2022\/05\/goldring-with-diamonds-gavit-zoom.jpg\",\"width\":1200,\"height\":1500},{\"@type\":\"BreadcrumbList\",\"@id\":\"https:\/\/www.gavit.net\/de\/product\/goldring-mit-diamanten\/#breadcrumb\",\"itemListElement\":[{\"@type\":\"ListItem\",\"position\":1,\"name\":\"Home\",\"item\":\"https:\/\/www.gavit.net\/de\/\"},{\"@type\":\"ListItem\",\"position\":2,\"name\":\"Shop\",\"item\":\"https:\/\/www.gavit.net\/de\/shop\/\"},{\"@type\":\"ListItem\",\"position\":3,\"name\":\"Goldring mit Diamanten\"}]},{\"@type\":\"WebSite\",\"@id\":\"https:\/\/www.gavit.net\/en\/#website\",\"url\":\"https:\/\/www.gavit.net\/en\/\",\"name\":\"GAVIT\",\"description\":\"Unique gold jewelry of a special kind\",\"potentialAction\":[{\"@type\":\"SearchAction\",\"target\":{\"@type\":\"EntryPoint\",\"urlTemplate\":\"https:\/\/www.gavit.net\/en\/?s={search_term_string}\"},\"query-input\":{\"@type\":\"PropertyValueSpecification\",\"valueRequired\":true,\"valueName\":\"search_term_string\"}}],\"inLanguage\":\"de\"}]}<\/script>\n<!-- \/ Yoast SEO plugin. -->","yoast_head_json":{"title":"Goldring mit Diamanten - GAVIT","robots":{"index":"index","follow":"follow","max-snippet":"max-snippet:-1","max-image-preview":"max-image-preview:large","max-video-preview":"max-video-preview:-1"},"canonical":"https:\/\/www.gavit.net\/de\/product\/goldring-mit-diamanten\/","og_locale":"de_DE","og_type":"article","og_title":"Goldring mit Diamanten - GAVIT","og_description":"Hergestellt aus Gold und mit sorgf\u00e4ltig ausgew\u00e4hlten Diamanten, ist dieser Ring ein wahrhaft edles Accessoire. Dank seiner zeitlosen Sch\u00f6nheit und Langlebigkeit wird dieser Ring zu einem wertvollen Familienerbst\u00fcck, das von Generation zu Generation weitergegeben werden kann. Ob als Verlobungsring, Geschenk f\u00fcr einen besonderen Anlass oder als pers\u00f6nliches Schmuckst\u00fcck.  Der luxuri\u00f6se Ring eignet sich sowohl zum alleinigen Tragen als auch in Kombination mit anderen Ringen.    Marke Gavit   Material 18 Karat Gold   Farbe Wei\u00df   Gr\u00f6\u00dfe US 5 - 13 \/ EU 15,6 - 22,2 mm   Stein 0,36 Karat Diamanten   Diamantfarbe Wei\u00df   Diamantqualit\u00e4t VVS2   Diamantmenge 12 x 0,03 Karat","og_url":"https:\/\/www.gavit.net\/de\/product\/goldring-mit-diamanten\/","og_site_name":"GAVIT","article_modified_time":"2023-03-17T19:20:36+00:00","og_image":[{"width":1200,"height":1500,"url":"https:\/\/www.gavit.net\/wp-content\/uploads\/2022\/05\/goldring-with-diamonds-gavit-zoom.jpg","type":"image\/jpeg"}],"twitter_card":"summary_large_image","twitter_misc":{"Gesch\u00e4tzte Lesezeit":"1\u00a0Minute"},"schema":{"@context":"https:\/\/schema.org","@graph":[{"@type":"WebPage","@id":"https:\/\/www.gavit.net\/de\/product\/goldring-mit-diamanten\/","url":"https:\/\/www.gavit.net\/de\/product\/goldring-mit-diamanten\/","name":"Goldring mit Diamanten - GAVIT","isPartOf":{"@id":"https:\/\/www.gavit.net\/en\/#website"},"primaryImageOfPage":{"@id":"https:\/\/www.gavit.net\/de\/product\/goldring-mit-diamanten\/#primaryimage"},"image":{"@id":"https:\/\/www.gavit.net\/de\/product\/goldring-mit-diamanten\/#primaryimage"},"thumbnailUrl":"https:\/\/www.gavit.net\/wp-content\/uploads\/2022\/05\/goldring-with-diamonds-gavit-zoom.jpg","datePublished":"2022-05-07T15:28:33+00:00","dateModified":"2023-03-17T19:20:36+00:00","breadcrumb":{"@id":"https:\/\/www.gavit.net\/de\/product\/goldring-mit-diamanten\/#breadcrumb"},"inLanguage":"de","potentialAction":[{"@type":"ReadAction","target":["https:\/\/www.gavit.net\/de\/product\/goldring-mit-diamanten\/"]}]},{"@type":"ImageObject","inLanguage":"de","@id":"https:\/\/www.gavit.net\/de\/product\/goldring-mit-diamanten\/#primaryimage","url":"https:\/\/www.gavit.net\/wp-content\/uploads\/2022\/05\/goldring-with-diamonds-gavit-zoom.jpg","contentUrl":"https:\/\/www.gavit.net\/wp-content\/uploads\/2022\/05\/goldring-with-diamonds-gavit-zoom.jpg","width":1200,"height":1500},{"@type":"BreadcrumbList","@id":"https:\/\/www.gavit.net\/de\/product\/goldring-mit-diamanten\/#breadcrumb","itemListElement":[{"@type":"ListItem","position":1,"name":"Home","item":"https:\/\/www.gavit.net\/de\/"},{"@type":"ListItem","position":2,"name":"Shop","item":"https:\/\/www.gavit.net\/de\/shop\/"},{"@type":"ListItem","position":3,"name":"Goldring mit Diamanten"}]},{"@type":"WebSite","@id":"https:\/\/www.gavit.net\/en\/#website","url":"https:\/\/www.gavit.net\/en\/","name":"GAVIT","description":"Unique gold jewelry of a special kind","potentialAction":[{"@type":"SearchAction","target":{"@type":"EntryPoint","urlTemplate":"https:\/\/www.gavit.net\/en\/?s={search_term_string}"},"query-input":{"@type":"PropertyValueSpecification","valueRequired":true,"valueName":"search_term_string"}}],"inLanguage":"de"}]}},"_links":{"self":[{"href":"https:\/\/www.gavit.net\/de\/wp-json\/wp\/v2\/product\/1666","targetHints":{"allow":["GET"]}}],"collection":[{"href":"https:\/\/www.gavit.net\/de\/wp-json\/wp\/v2\/product"}],"about":[{"href":"https:\/\/www.gavit.net\/de\/wp-json\/wp\/v2\/types\/product"}],"replies":[{"embeddable":true,"href":"https:\/\/www.gavit.net\/de\/wp-json\/wp\/v2\/comments?post=1666"}],"wp:featuredmedia":[{"embeddable":true,"href":"https:\/\/www.gavit.net\/de\/wp-json\/wp\/v2\/media\/1493"}],"wp:attachment":[{"href":"https:\/\/www.gavit.net\/de\/wp-json\/wp\/v2\/media?parent=1666"}],"wp:term":[{"taxonomy":"product_brand","embeddable":true,"href":"https:\/\/www.gavit.net\/de\/wp-json\/wp\/v2\/product_brand?post=1666"},{"taxonomy":"product_cat","embeddable":true,"href":"https:\/\/www.gavit.net\/de\/wp-json\/wp\/v2\/product_cat?post=1666"},{"taxonomy":"product_tag","embeddable":true,"href":"https:\/\/www.gavit.net\/de\/wp-json\/wp\/v2\/product_tag?post=1666"}],"curies":[{"name":"wp","href":"https:\/\/api.w.org\/{rel}","templated":true}]}}