{"id":1676,"date":"2022-05-07T19:22:59","date_gmt":"2022-05-07T15:22:59","guid":{"rendered":"https:\/\/www.gavit.net\/product\/diamondring\/"},"modified":"2023-03-17T23:26:01","modified_gmt":"2023-03-17T19:26:01","slug":"diamantring","status":"publish","type":"product","link":"https:\/\/www.gavit.net\/de\/product\/diamantring\/","title":{"rendered":"Diamantring &#8211; GAVIT"},"content":{"rendered":"<div class=\"wpb-content-wrapper\"><p>[vc_row el_class=&#8220;white-area&#8220;][vc_column]                <div class=\"vc-custom-slider-holder\">\n\t                                    <div class=\"images-slider-holder desktop-one-product tablet-one-product mobile-one-product\"\n                         data-desktop-count=\"1\"\n                         data-mobile-count=\"1\"\n                         data-tablet-count=\"1\"\n                         data-pagination=\"true\"\n                         data-autoplay=\"true\" data-controls=\"true\"\n                         data-slideby=\"page\" data-animation=\"3000\"\n                         data-slidespeed=\"7000\" data-fade=\"gallery\"\n                         data-space=\"0\">\n\t\t\t\t\t\t                            <div class=\"vc-image-slide-item\">\n                                <div class=\"inner-holder\">\n                                    <a class=\"image-holder\" >\n\t\t\t\t\t\t\t\t\t\t<img loading=\"lazy\" decoding=\"async\" width=\"1200\" height=\"600\" src=\"https:\/\/www.gavit.net\/wp-content\/uploads\/2021\/11\/gavit-brand-1200-600.jpg\" class=\"attachment-full size-full\" alt=\"\" title=\"gavit-brand-1200-600\" srcset=\"https:\/\/www.gavit.net\/wp-content\/uploads\/2021\/11\/gavit-brand-1200-600.jpg 1200w, https:\/\/www.gavit.net\/wp-content\/uploads\/2021\/11\/gavit-brand-1200-600-600x300.jpg 600w, https:\/\/www.gavit.net\/wp-content\/uploads\/2021\/11\/gavit-brand-1200-600-300x150.jpg 300w, https:\/\/www.gavit.net\/wp-content\/uploads\/2021\/11\/gavit-brand-1200-600-1024x512.jpg 1024w, https:\/\/www.gavit.net\/wp-content\/uploads\/2021\/11\/gavit-brand-1200-600-768x384.jpg 768w\" sizes=\"auto, (max-width: 1200px) 100vw, 1200px\" \/>                                    <\/a>\n\t\t\t\t\t\t\t\t\t                                <\/div>\n                            <\/div>\n\t\t\t\t\t\t                            <div class=\"vc-image-slide-item\">\n                                <div class=\"inner-holder\">\n                                    <a class=\"image-holder\" >\n\t\t\t\t\t\t\t\t\t\t<img loading=\"lazy\" decoding=\"async\" width=\"1200\" height=\"600\" src=\"https:\/\/www.gavit.net\/wp-content\/uploads\/2021\/11\/gavit-cover-foto-1200-600.jpg\" class=\"attachment-full size-full\" alt=\"\" title=\"gavit-cover-foto-1200-600\" srcset=\"https:\/\/www.gavit.net\/wp-content\/uploads\/2021\/11\/gavit-cover-foto-1200-600.jpg 1200w, https:\/\/www.gavit.net\/wp-content\/uploads\/2021\/11\/gavit-cover-foto-1200-600-600x300.jpg 600w, https:\/\/www.gavit.net\/wp-content\/uploads\/2021\/11\/gavit-cover-foto-1200-600-300x150.jpg 300w, https:\/\/www.gavit.net\/wp-content\/uploads\/2021\/11\/gavit-cover-foto-1200-600-1024x512.jpg 1024w, https:\/\/www.gavit.net\/wp-content\/uploads\/2021\/11\/gavit-cover-foto-1200-600-768x384.jpg 768w\" sizes=\"auto, (max-width: 1200px) 100vw, 1200px\" \/>                                    <\/a>\n\t\t\t\t\t\t\t\t\t                                <\/div>\n                            <\/div>\n\t\t\t\t\t\t                    <\/div>\n                <\/div>\n\t\t\t[\/vc_column][\/vc_row]<\/p>\n<\/div>","protected":false},"excerpt":{"rendered":"<p>Dieser <strong>atemberaubende Ring<\/strong> ist ein wahres Meisterwerk des klassischen Designs, gefertigt aus feinstem Gold und verziert mit <strong>sorgf\u00e4ltig ausgew\u00e4hlten Diamanten<\/strong> <strong>von hoher Reinheit<\/strong>. Mit diesem Ring genie\u00dfen Sie den Luxus eines zeitlosen Looks, der Eleganz und Raffinesse ausstrahlt. Er ist der perfekte Weg, um Ihrer geliebten Person einen Heiratsantrag zu machen oder Ihre Liebe und Aufmerksamkeit an einem besonderen Anlass zu \u00fcbermitteln.<\/p>\n<p>Die pure Sch\u00f6nheit und Strahlkraft dieses Rings lassen Ihren besonderen Tag und alle Tage, die diesem Tag folgen, mit einer Brillanz erstrahlen, die durch sein exquisites Design reflektiert wird. Die Diamanten, die diesen Ring schm\u00fccken, sind von <strong>h\u00f6chster Qualit\u00e4t und Klarheit<\/strong>, so dass sie bei jeder Bewegung Ihrer Hand funkeln und glitzern. Ob Sie ihn alleine tragen oder mit anderen Accessoires kombinieren, dieser Ring ist ein Zeugnis f\u00fcr die anhaltende Kraft wahrer Liebe und wird f\u00fcr Generationen gesch\u00e4tzt werden.<\/p>\n<table>\n<tbody>\n<tr>\n<td>Marke<\/td>\n<td>Gavit<\/td>\n<\/tr>\n<tr>\n<td>Material<\/td>\n<td>18 Karat Gold<\/td>\n<\/tr>\n<tr>\n<td>Farbe<\/td>\n<td>Wei\u00df<\/td>\n<\/tr>\n<tr>\n<td>Gr\u00f6\u00dfe<\/td>\n<td>US 5 &#8211; 13 \/ EU 15,6 &#8211; 22,2 mm<\/td>\n<\/tr>\n<tr>\n<td>Stein<\/td>\n<td>1,03 Karat Diamanten<\/td>\n<\/tr>\n<tr>\n<td>Diamantfarbe<\/td>\n<td>Wei\u00df<\/td>\n<\/tr>\n<tr>\n<td>Diamantqualit\u00e4t<\/td>\n<td>VVS1<\/td>\n<\/tr>\n<tr>\n<td>Diamantmenge<\/td>\n<td>1 x 0,31ct. | 28 x 0,015ct. | 10 x 0,03ct.<\/td>\n<\/tr>\n<\/tbody>\n<\/table>\n","protected":false},"featured_media":1495,"comment_status":"open","ping_status":"closed","template":"","meta":[],"product_brand":[],"product_cat":[56,57],"product_tag":[],"class_list":{"0":"post-1676","1":"product","2":"type-product","3":"status-publish","4":"has-post-thumbnail","6":"product_cat-castle-gold-kollektion","7":"product_cat-diamantschmuck","9":"first","10":"instock","11":"shipping-taxable","12":"purchasable","13":"product-type-simple"},"yoast_head":"<!-- This site is optimized with the Yoast SEO plugin v27.2 - https:\/\/yoast.com\/product\/yoast-seo-wordpress\/ -->\n<title>Diamantring - GAVIT - GAVIT<\/title>\n<meta name=\"robots\" content=\"index, follow, max-snippet:-1, max-image-preview:large, max-video-preview:-1\" \/>\n<link rel=\"canonical\" href=\"https:\/\/www.gavit.net\/de\/product\/diamantring\/\" \/>\n<meta property=\"og:locale\" content=\"de_DE\" \/>\n<meta property=\"og:type\" content=\"article\" \/>\n<meta property=\"og:title\" content=\"Diamantring - GAVIT - GAVIT\" \/>\n<meta property=\"og:description\" content=\"Dieser atemberaubende Ring ist ein wahres Meisterwerk des klassischen Designs, gefertigt aus feinstem Gold und verziert mit sorgf\u00e4ltig ausgew\u00e4hlten Diamanten von hoher Reinheit. Mit diesem Ring genie\u00dfen Sie den Luxus eines zeitlosen Looks, der Eleganz und Raffinesse ausstrahlt. Er ist der perfekte Weg, um Ihrer geliebten Person einen Heiratsantrag zu machen oder Ihre Liebe und Aufmerksamkeit an einem besonderen Anlass zu \u00fcbermitteln.  Die pure Sch\u00f6nheit und Strahlkraft dieses Rings lassen Ihren besonderen Tag und alle Tage, die diesem Tag folgen, mit einer Brillanz erstrahlen, die durch sein exquisites Design reflektiert wird. Die Diamanten, die diesen Ring schm\u00fccken, sind von h\u00f6chster Qualit\u00e4t und Klarheit, so dass sie bei jeder Bewegung Ihrer Hand funkeln und glitzern. Ob Sie ihn alleine tragen oder mit anderen Accessoires kombinieren, dieser Ring ist ein Zeugnis f\u00fcr die anhaltende Kraft wahrer Liebe und wird f\u00fcr Generationen gesch\u00e4tzt werden.    Marke Gavit   Material 18 Karat Gold   Farbe Wei\u00df   Gr\u00f6\u00dfe US 5 - 13 \/ EU 15,6 - 22,2 mm   Stein 1,03 Karat Diamanten   Diamantfarbe Wei\u00df   Diamantqualit\u00e4t VVS1   Diamantmenge 1 x 0,31ct. | 28 x 0,015ct. | 10 x 0,03ct.\" \/>\n<meta property=\"og:url\" content=\"https:\/\/www.gavit.net\/de\/product\/diamantring\/\" \/>\n<meta property=\"og:site_name\" content=\"GAVIT\" \/>\n<meta property=\"article:modified_time\" content=\"2023-03-17T19:26:01+00:00\" \/>\n<meta property=\"og:image\" content=\"https:\/\/www.gavit.net\/wp-content\/uploads\/2022\/05\/ring-diamond-gold-gavit-zoom.jpg\" \/>\n\t<meta property=\"og:image:width\" content=\"1200\" \/>\n\t<meta property=\"og:image:height\" content=\"1500\" \/>\n\t<meta property=\"og:image:type\" content=\"image\/jpeg\" \/>\n<meta name=\"twitter:card\" content=\"summary_large_image\" \/>\n<meta name=\"twitter:label1\" content=\"Gesch\u00e4tzte Lesezeit\" \/>\n\t<meta name=\"twitter:data1\" content=\"1\u00a0Minute\" \/>\n<script type=\"application\/ld+json\" class=\"yoast-schema-graph\">{\"@context\":\"https:\/\/schema.org\",\"@graph\":[{\"@type\":\"WebPage\",\"@id\":\"https:\/\/www.gavit.net\/de\/product\/diamantring\/\",\"url\":\"https:\/\/www.gavit.net\/de\/product\/diamantring\/\",\"name\":\"Diamantring - GAVIT - GAVIT\",\"isPartOf\":{\"@id\":\"https:\/\/www.gavit.net\/en\/#website\"},\"primaryImageOfPage\":{\"@id\":\"https:\/\/www.gavit.net\/de\/product\/diamantring\/#primaryimage\"},\"image\":{\"@id\":\"https:\/\/www.gavit.net\/de\/product\/diamantring\/#primaryimage\"},\"thumbnailUrl\":\"https:\/\/www.gavit.net\/wp-content\/uploads\/2022\/05\/ring-diamond-gold-gavit-zoom.jpg\",\"datePublished\":\"2022-05-07T15:22:59+00:00\",\"dateModified\":\"2023-03-17T19:26:01+00:00\",\"breadcrumb\":{\"@id\":\"https:\/\/www.gavit.net\/de\/product\/diamantring\/#breadcrumb\"},\"inLanguage\":\"de\",\"potentialAction\":[{\"@type\":\"ReadAction\",\"target\":[\"https:\/\/www.gavit.net\/de\/product\/diamantring\/\"]}]},{\"@type\":\"ImageObject\",\"inLanguage\":\"de\",\"@id\":\"https:\/\/www.gavit.net\/de\/product\/diamantring\/#primaryimage\",\"url\":\"https:\/\/www.gavit.net\/wp-content\/uploads\/2022\/05\/ring-diamond-gold-gavit-zoom.jpg\",\"contentUrl\":\"https:\/\/www.gavit.net\/wp-content\/uploads\/2022\/05\/ring-diamond-gold-gavit-zoom.jpg\",\"width\":1200,\"height\":1500},{\"@type\":\"BreadcrumbList\",\"@id\":\"https:\/\/www.gavit.net\/de\/product\/diamantring\/#breadcrumb\",\"itemListElement\":[{\"@type\":\"ListItem\",\"position\":1,\"name\":\"Home\",\"item\":\"https:\/\/www.gavit.net\/de\/\"},{\"@type\":\"ListItem\",\"position\":2,\"name\":\"Shop\",\"item\":\"https:\/\/www.gavit.net\/de\/shop\/\"},{\"@type\":\"ListItem\",\"position\":3,\"name\":\"Diamantring &#8211; GAVIT\"}]},{\"@type\":\"WebSite\",\"@id\":\"https:\/\/www.gavit.net\/en\/#website\",\"url\":\"https:\/\/www.gavit.net\/en\/\",\"name\":\"GAVIT\",\"description\":\"Unique gold jewelry of a special kind\",\"potentialAction\":[{\"@type\":\"SearchAction\",\"target\":{\"@type\":\"EntryPoint\",\"urlTemplate\":\"https:\/\/www.gavit.net\/en\/?s={search_term_string}\"},\"query-input\":{\"@type\":\"PropertyValueSpecification\",\"valueRequired\":true,\"valueName\":\"search_term_string\"}}],\"inLanguage\":\"de\"}]}<\/script>\n<!-- \/ Yoast SEO plugin. -->","yoast_head_json":{"title":"Diamantring - GAVIT - GAVIT","robots":{"index":"index","follow":"follow","max-snippet":"max-snippet:-1","max-image-preview":"max-image-preview:large","max-video-preview":"max-video-preview:-1"},"canonical":"https:\/\/www.gavit.net\/de\/product\/diamantring\/","og_locale":"de_DE","og_type":"article","og_title":"Diamantring - GAVIT - GAVIT","og_description":"Dieser atemberaubende Ring ist ein wahres Meisterwerk des klassischen Designs, gefertigt aus feinstem Gold und verziert mit sorgf\u00e4ltig ausgew\u00e4hlten Diamanten von hoher Reinheit. Mit diesem Ring genie\u00dfen Sie den Luxus eines zeitlosen Looks, der Eleganz und Raffinesse ausstrahlt. Er ist der perfekte Weg, um Ihrer geliebten Person einen Heiratsantrag zu machen oder Ihre Liebe und Aufmerksamkeit an einem besonderen Anlass zu \u00fcbermitteln.  Die pure Sch\u00f6nheit und Strahlkraft dieses Rings lassen Ihren besonderen Tag und alle Tage, die diesem Tag folgen, mit einer Brillanz erstrahlen, die durch sein exquisites Design reflektiert wird. Die Diamanten, die diesen Ring schm\u00fccken, sind von h\u00f6chster Qualit\u00e4t und Klarheit, so dass sie bei jeder Bewegung Ihrer Hand funkeln und glitzern. Ob Sie ihn alleine tragen oder mit anderen Accessoires kombinieren, dieser Ring ist ein Zeugnis f\u00fcr die anhaltende Kraft wahrer Liebe und wird f\u00fcr Generationen gesch\u00e4tzt werden.    Marke Gavit   Material 18 Karat Gold   Farbe Wei\u00df   Gr\u00f6\u00dfe US 5 - 13 \/ EU 15,6 - 22,2 mm   Stein 1,03 Karat Diamanten   Diamantfarbe Wei\u00df   Diamantqualit\u00e4t VVS1   Diamantmenge 1 x 0,31ct. | 28 x 0,015ct. | 10 x 0,03ct.","og_url":"https:\/\/www.gavit.net\/de\/product\/diamantring\/","og_site_name":"GAVIT","article_modified_time":"2023-03-17T19:26:01+00:00","og_image":[{"width":1200,"height":1500,"url":"https:\/\/www.gavit.net\/wp-content\/uploads\/2022\/05\/ring-diamond-gold-gavit-zoom.jpg","type":"image\/jpeg"}],"twitter_card":"summary_large_image","twitter_misc":{"Gesch\u00e4tzte Lesezeit":"1\u00a0Minute"},"schema":{"@context":"https:\/\/schema.org","@graph":[{"@type":"WebPage","@id":"https:\/\/www.gavit.net\/de\/product\/diamantring\/","url":"https:\/\/www.gavit.net\/de\/product\/diamantring\/","name":"Diamantring - GAVIT - GAVIT","isPartOf":{"@id":"https:\/\/www.gavit.net\/en\/#website"},"primaryImageOfPage":{"@id":"https:\/\/www.gavit.net\/de\/product\/diamantring\/#primaryimage"},"image":{"@id":"https:\/\/www.gavit.net\/de\/product\/diamantring\/#primaryimage"},"thumbnailUrl":"https:\/\/www.gavit.net\/wp-content\/uploads\/2022\/05\/ring-diamond-gold-gavit-zoom.jpg","datePublished":"2022-05-07T15:22:59+00:00","dateModified":"2023-03-17T19:26:01+00:00","breadcrumb":{"@id":"https:\/\/www.gavit.net\/de\/product\/diamantring\/#breadcrumb"},"inLanguage":"de","potentialAction":[{"@type":"ReadAction","target":["https:\/\/www.gavit.net\/de\/product\/diamantring\/"]}]},{"@type":"ImageObject","inLanguage":"de","@id":"https:\/\/www.gavit.net\/de\/product\/diamantring\/#primaryimage","url":"https:\/\/www.gavit.net\/wp-content\/uploads\/2022\/05\/ring-diamond-gold-gavit-zoom.jpg","contentUrl":"https:\/\/www.gavit.net\/wp-content\/uploads\/2022\/05\/ring-diamond-gold-gavit-zoom.jpg","width":1200,"height":1500},{"@type":"BreadcrumbList","@id":"https:\/\/www.gavit.net\/de\/product\/diamantring\/#breadcrumb","itemListElement":[{"@type":"ListItem","position":1,"name":"Home","item":"https:\/\/www.gavit.net\/de\/"},{"@type":"ListItem","position":2,"name":"Shop","item":"https:\/\/www.gavit.net\/de\/shop\/"},{"@type":"ListItem","position":3,"name":"Diamantring &#8211; GAVIT"}]},{"@type":"WebSite","@id":"https:\/\/www.gavit.net\/en\/#website","url":"https:\/\/www.gavit.net\/en\/","name":"GAVIT","description":"Unique gold jewelry of a special kind","potentialAction":[{"@type":"SearchAction","target":{"@type":"EntryPoint","urlTemplate":"https:\/\/www.gavit.net\/en\/?s={search_term_string}"},"query-input":{"@type":"PropertyValueSpecification","valueRequired":true,"valueName":"search_term_string"}}],"inLanguage":"de"}]}},"_links":{"self":[{"href":"https:\/\/www.gavit.net\/de\/wp-json\/wp\/v2\/product\/1676","targetHints":{"allow":["GET"]}}],"collection":[{"href":"https:\/\/www.gavit.net\/de\/wp-json\/wp\/v2\/product"}],"about":[{"href":"https:\/\/www.gavit.net\/de\/wp-json\/wp\/v2\/types\/product"}],"replies":[{"embeddable":true,"href":"https:\/\/www.gavit.net\/de\/wp-json\/wp\/v2\/comments?post=1676"}],"wp:featuredmedia":[{"embeddable":true,"href":"https:\/\/www.gavit.net\/de\/wp-json\/wp\/v2\/media\/1495"}],"wp:attachment":[{"href":"https:\/\/www.gavit.net\/de\/wp-json\/wp\/v2\/media?parent=1676"}],"wp:term":[{"taxonomy":"product_brand","embeddable":true,"href":"https:\/\/www.gavit.net\/de\/wp-json\/wp\/v2\/product_brand?post=1676"},{"taxonomy":"product_cat","embeddable":true,"href":"https:\/\/www.gavit.net\/de\/wp-json\/wp\/v2\/product_cat?post=1676"},{"taxonomy":"product_tag","embeddable":true,"href":"https:\/\/www.gavit.net\/de\/wp-json\/wp\/v2\/product_tag?post=1676"}],"curies":[{"name":"wp","href":"https:\/\/api.w.org\/{rel}","templated":true}]}}